{"id":112,"date":"2018-11-22T17:22:37","date_gmt":"2018-11-22T16:22:37","guid":{"rendered":"http:\/\/www.argonautes.be\/?page_id=112"},"modified":"2023-02-21T14:37:47","modified_gmt":"2023-02-21T13:37:47","slug":"links-nl","status":"publish","type":"page","link":"https:\/\/www.argonautes.be\/index.php\/nl\/links-nl","title":{"rendered":"Links"},"content":{"rendered":"<p>[et_pb_section fb_built=\u00a0\u00bb1&Prime; _builder_version=\u00a0\u00bb3.22&Prime; background_image=\u00a0\u00bbhttps:\/\/www.argonautes.be\/wp-content\/uploads\/2018\/12\/zouff_liens.jpg\u00a0\u00bb global_colors_info=\u00a0\u00bb{}\u00a0\u00bb][et_pb_row column_structure=\u00a0\u00bb3_4,1_4&Prime; module_class=\u00a0\u00bbcadre_banniere\u00a0\u00bb _builder_version=\u00a0\u00bb3.25&Prime; global_colors_info=\u00a0\u00bb{}\u00a0\u00bb][et_pb_column type=\u00a0\u00bb3_4&Prime; _builder_version=\u00a0\u00bb3.25&Prime; custom_padding=\u00a0\u00bb|||\u00a0\u00bb global_colors_info=\u00a0\u00bb{}\u00a0\u00bb custom_padding__hover=\u00a0\u00bb|||\u00a0\u00bb][et_pb_image src=\u00a0\u00bbhttps:\/\/www.argonautes.be\/wp-content\/uploads\/2018\/12\/logo_argo_liens-1.png\u00a0\u00bb align_tablet=\u00a0\u00bbcenter\u00a0\u00bb align_phone=\u00a0\u00bb\u00a0\u00bb align_last_edited=\u00a0\u00bbon|desktop\u00a0\u00bb admin_label=\u00a0\u00bbImage Logo\u00a0\u00bb _builder_version=\u00a0\u00bb3.23&Prime; global_colors_info=\u00a0\u00bb{}\u00a0\u00bb][\/et_pb_image][\/et_pb_column][et_pb_column type=\u00a0\u00bb1_4&Prime; _builder_version=\u00a0\u00bb3.25&Prime; custom_padding=\u00a0\u00bb|||\u00a0\u00bb global_colors_info=\u00a0\u00bb{}\u00a0\u00bb custom_padding__hover=\u00a0\u00bb|||\u00a0\u00bb][et_pb_text admin_label=\u00a0\u00bbTexte Menu langues + Fb\u00a0\u00bb _builder_version=\u00a0\u00bb3.27.4&Prime; global_colors_info=\u00a0\u00bb{}\u00a0\u00bb]<\/p>\n<div class=\"menu-menu-langues-fr-container\"><ul id=\"menu-menu-langues-fr\" class=\"menu_lang\"><li id=\"menu-item-174\" class=\"menu-item menu-item-type-custom menu-item-object-custom menu-item-174\"><a href=\"#pll_switcher\">Langues<\/a><\/li>\n<li id=\"menu-item-179\" class=\"menu-item menu-item-type-custom menu-item-object-custom menu-item-179\"><a href=\"https:\/\/www.facebook.com\/Les-Argonautes-130898313591096\/?__tn__=%2CdK*F-R&#038;eid=ARDqHPWnhRdTVSWiF2imUcUeGv8Epa7cbpTkegO5o_o6wVhzRMmbH7W0bByMfUDzP3-OljLAz821wIEc\">\u00a0<\/a><\/li>\n<\/ul><\/div>\n<p>[\/et_pb_text][\/et_pb_column][\/et_pb_row][et_pb_row module_class=\u00a0\u00bbcadre_contenu_test links\u00a0\u00bb _builder_version=\u00a0\u00bb4.9.0&Prime; background_color=\u00a0\u00bbrgba(84,94,153,0.55)\u00a0\u00bb global_colors_info=\u00a0\u00bb{}\u00a0\u00bb][et_pb_column type=\u00a0\u00bb4_4&Prime; _builder_version=\u00a0\u00bb3.25&Prime; custom_padding=\u00a0\u00bb|||\u00a0\u00bb global_colors_info=\u00a0\u00bb{}\u00a0\u00bb custom_padding__hover=\u00a0\u00bb|||\u00a0\u00bb][et_pb_text admin_label=\u00a0\u00bbTexte Menu principal\u00a0\u00bb _builder_version=\u00a0\u00bb3.27.4&Prime; global_colors_info=\u00a0\u00bb{}\u00a0\u00bb]<\/p>\n<div class=\"menu-menu-principal-fr-container\"><ul id=\"menu-menu-principal-fr\" class=\"menu_custom\"><li id=\"menu-item-136\" class=\"menu-item menu-item-type-post_type menu-item-object-page menu-item-home menu-item-136\"><a href=\"https:\/\/www.argonautes.be\/\">Accueil<\/a><\/li>\n<li id=\"menu-item-135\" class=\"menu-item menu-item-type-post_type menu-item-object-page menu-item-135\"><a href=\"https:\/\/www.argonautes.be\/index.php\/compagnie\">Compagnie<\/a><\/li>\n<li id=\"menu-item-137\" class=\"menu-item menu-item-type-custom menu-item-object-custom menu-item-has-children menu-item-137\"><a href=\"#\">Spectacles<\/a>\n<ul class=\"sub-menu\">\n\t<li id=\"menu-item-2718\" class=\"menu-item menu-item-type-post_type menu-item-object-page menu-item-2718\"><a href=\"https:\/\/www.argonautes.be\/index.php\/compagnie\/kano\">KANO<span>en tourn\u00e9e<\/span><\/a><\/li>\n\t<li id=\"menu-item-4405\" class=\"menu-item menu-item-type-post_type menu-item-object-page menu-item-4405\"><a href=\"https:\/\/www.argonautes.be\/index.php\/compagnie\/claque\">CLASH<span>en cr\u00e9ation<\/span><\/a><\/li>\n\t<li id=\"menu-item-2740\" class=\"menu-item menu-item-type-post_type menu-item-object-page menu-item-2740\"><a href=\"https:\/\/www.argonautes.be\/index.php\/compagnie\/foire-aux-monstres\">Une Foire aux monstres<span>archive<\/span><\/a><\/li>\n\t<li id=\"menu-item-215\" class=\"menu-item menu-item-type-post_type menu-item-object-page menu-item-215\"><a href=\"https:\/\/www.argonautes.be\/index.php\/compagnie\/lhomme-qui-marche\">L&rsquo;Homme qui marche <span>archive<\/span><\/a><\/li>\n\t<li id=\"menu-item-2597\" class=\"menu-item menu-item-type-post_type menu-item-object-page menu-item-2597\"><a href=\"https:\/\/www.argonautes.be\/index.php\/compagnie\/conversation-avec-la-pierre\">Conversation avec la pierre<span>archive<\/span><\/a><\/li>\n\t<li id=\"menu-item-1222\" class=\"menu-item menu-item-type-post_type menu-item-object-page menu-item-1222\"><a href=\"https:\/\/www.argonautes.be\/index.php\/compagnie\/manneken-cirk\">Manneken Cirk<span>archive<\/span><\/a><\/li>\n\t<li id=\"menu-item-1550\" class=\"menu-item menu-item-type-post_type menu-item-object-page menu-item-1550\"><a href=\"https:\/\/www.argonautes.be\/index.php\/compagnie\/entre-deux-2\">Entre d&rsquo;Eux<span>archive<\/span><\/a><\/li>\n\t<li id=\"menu-item-210\" class=\"menu-item menu-item-type-post_type menu-item-object-page menu-item-210\"><a href=\"https:\/\/www.argonautes.be\/index.php\/compagnie\/solo-due\">Solo due <span>archive<\/span><\/a><\/li>\n\t<li id=\"menu-item-630\" class=\"menu-item menu-item-type-post_type menu-item-object-page menu-item-630\"><a href=\"https:\/\/www.argonautes.be\/index.php\/compagnie\/pas-perdus\">Pas Perdus<span>archive<\/span><\/a><\/li>\n\t<li id=\"menu-item-638\" class=\"menu-item menu-item-type-post_type menu-item-object-page menu-item-638\"><a href=\"https:\/\/www.argonautes.be\/index.php\/compagnie\/le-principe-dincertitude\">Le Principe d&rsquo;Incertitude<span>archive<\/span><\/a><\/li>\n\t<li id=\"menu-item-610\" class=\"menu-item menu-item-type-post_type menu-item-object-page menu-item-610\"><a href=\"https:\/\/www.argonautes.be\/index.php\/compagnie\/la-fleur-vide\">La Fleur Vide<span>archive<\/span><\/a><\/li>\n\t<li id=\"menu-item-672\" class=\"menu-item menu-item-type-post_type menu-item-object-page menu-item-672\"><a href=\"https:\/\/www.argonautes.be\/index.php\/compagnie\/zouff\">Zouff !<span>archive<\/span><\/a><\/li>\n\t<li id=\"menu-item-655\" class=\"menu-item menu-item-type-post_type menu-item-object-page menu-item-655\"><a href=\"https:\/\/www.argonautes.be\/index.php\/compagnie\/la-toison-dorgue\">La Toison d&rsquo;Orgue<span>archive<\/span><\/a><\/li>\n<\/ul>\n<\/li>\n<li id=\"menu-item-3296\" class=\"menu-item menu-item-type-post_type menu-item-object-page menu-item-3296\"><a href=\"https:\/\/www.argonautes.be\/index.php\/agenda\">Agenda<\/a><\/li>\n<li id=\"menu-item-133\" class=\"menu-item menu-item-type-post_type menu-item-object-page menu-item-133\"><a href=\"https:\/\/www.argonautes.be\/index.php\/contact\">Contact<\/a><\/li>\n<li id=\"menu-item-132\" class=\"menu-item menu-item-type-post_type menu-item-object-page menu-item-132\"><a href=\"https:\/\/www.argonautes.be\/index.php\/liens\">Liens<\/a><\/li>\n<\/ul><\/div>\n<p>[\/et_pb_text][et_pb_text admin_label=\u00a0\u00bbTexte Contenu\u00a0\u00bb _builder_version=\u00a0\u00bb4.14.7&Prime; hover_enabled=\u00a0\u00bb0&Prime; saved_tabs=\u00a0\u00bball\u00a0\u00bb global_colors_info=\u00a0\u00bb{}\u00a0\u00bb sticky_enabled=\u00a0\u00bb0&Prime;]<\/p>\n<p><img loading=\"lazy\" decoding=\"async\" class=\"wp-image-1270 size-full alignleft\" src=\"https:\/\/www.argonautes.be\/wp-content\/uploads\/2019\/02\/liens.png\" alt=\"\" width=\"150\" height=\"150\" \/><\/p>\n<p>link: wat verenigt, wat verbindt<\/p>\n<p>hieronder, gezelschappen, plaatsen, instellingen waarmee Les Argonautes links hebben.<\/p>\n<p style=\"text-align: left;\"><strong>Gezelschappen :<\/strong> <span class=\"police_80\">| <\/span><a class=\"police_80\" href=\"http:\/\/www.casquette.be\/\" target=\"_blank\" rel=\"noopener\">Compagnie la Casquette<\/a><span class=\"police_80\"> | <\/span><a class=\"police_80\" href=\"http:\/\/www.galafronie.be\" target=\"_blank\" rel=\"noopener\">Th\u00e9\u00e2tre de Galafronie<\/a><span class=\"police_80\"> | <\/span><a class=\"police_80\" href=\"http:\/\/www.carrecurieux.be\/\" target=\"_blank\" rel=\"noopener\">Carr\u00e9 Curieux<\/a><span class=\"police_80\"> | <\/span><a class=\"police_80\" href=\"http:\/\/www.circusmarcel.com\/\" target=\"_blank\" rel=\"noopener\">Circus Marcel<\/a><span class=\"police_80\"> | <\/span><a class=\"police_80\" href=\"http:\/\/alexine93.wix.com\/alexine-site\" target=\"_blank\" rel=\"noopener\">Alexine Bouchez Hardy<\/a><span class=\"police_80\"> | <\/span><a class=\"police_80\" href=\"http:\/\/www.okidok.be\/\" target=\"_blank\" rel=\"noopener\">Okidok<\/a><span class=\"police_80\"> | <\/span><a class=\"police_80\" href=\"http:\/\/www.feriamusica.org\/index_swf.html\" target=\"_blank\" rel=\"noopener\">Feria Musica<\/a><span class=\"police_80\"> | <\/span><a class=\"police_80\" href=\"http:\/\/www.roultabi.be\/\" target=\"_blank\" rel=\"noopener\">Roultabi Productions<\/a><span class=\"police_80\"> | Hay Que&#8230; | <\/span><a class=\"police_80\" href=\"http:\/\/jongloic.com\/\" target=\"_blank\" rel=\"noopener\">Jonglo\u00efc<\/a><span class=\"police_80\"> | <a href=\"http:\/\/www.circofantasma.com.ar\/\" target=\"_blank\" rel=\"noopener\">Circo Fantasma<\/a> | <a href=\"http:\/\/lesvolcanics.blogspot.be\/\" target=\"_blank\" rel=\"noopener\">Les Volcanics<\/a> | <a href=\"http:\/\/www.compagniedumirador.com\/www.compagniedumirador.com\/okolo.html\" target=\"_blank\" rel=\"noopener\">Compagnie du Mirador<\/a> | <a href=\"http:\/\/www.baladeux.be\/\" target=\"_blank\" rel=\"noopener\">Compagnie Baladeu&rsquo;x<\/a> | <a href=\"http:\/\/www.despiegel.com\/\" target=\"_blank\" rel=\"noopener\">Theater de Spiegel<\/a> | Th\u00e9\u00e2tre de l&rsquo; E.V.N.I. |<\/span><\/p>\n<p style=\"text-align: left;\"><strong>Cultuur Centra&rsquo;s en festivals : <\/strong><span class=\"police_80\">| <a href=\"http:\/\/www.roseraie.org\/\" target=\"_blank\" rel=\"noopener\">La Roseraie<\/a> | <a href=\"http:\/\/www.latitude50.be\/\" target=\"_blank\" rel=\"noopener\">Latitude 50\u00b0<\/a> | <a href=\"http:\/\/www.humorologie.be\/\" target=\"_blank\" rel=\"noopener\">Humorologie<\/a> | <a href=\"http:\/\/www.lesdoms.be\/\" target=\"_blank\" rel=\"noopener\">Th\u00e9\u00e2tre des Doms<\/a> | <a href=\"http:\/\/www.theateropdemarkt.be\/\" target=\"_blank\" rel=\"noopener\">Theater op de Markt<\/a> | <a href=\"http:\/\/www.catastrophe.be\/\" target=\"_blank\" rel=\"noopener\">Espace catastrophe<\/a> | <a href=\"http:\/\/www.lejacquesfranck.be\/\" target=\"_blank\" rel=\"noopener\">CC Jacques Franck<\/a> | <a href=\"http:\/\/www.braineculture.be\/\" target=\"_blank\" rel=\"noopener\">CC Braine l\u2019Alleud<\/a> | <a href=\"http:\/\/www.centrecultureldeghezee.be\/\" target=\"_blank\" rel=\"noopener\">CC Eghez\u00e9e<\/a> | <a href=\"http:\/\/www.maisonculturetournai.com\/fr\/\" target=\"_blank\" rel=\"noopener\">Maison de la culture de Tournai<\/a> | <a href=\"http:\/\/www.halles.be\/\" target=\"_blank\" rel=\"noopener\">Les Halles<\/a> | <a href=\"http:\/\/www.ccdeschakel.be\/\" target=\"_blank\" rel=\"noopener\">CC de Schakel <\/a><\/span>|<\/p>\n<p style=\"text-align: left;\"><strong>Instellingen :<\/strong> | <a href=\"http:\/\/www.artscene.cfwb.be\/index.php?id=7459\" target=\"_blank\" rel=\"noopener\">F\u00e9d\u00e9ration Wallonie Bruxelles<\/a> | <a href=\"http:\/\/www.wbi.be\/\" target=\"_blank\" rel=\"noopener\">Wallonie Bruxelles Internationnal<\/a> | <a href=\"http:\/\/esac.be\/home\/\" target=\"_blank\" rel=\"noopener\">ESAC<\/a> |<\/p>\n<p style=\"text-align: left;\">Les Argonautes worden het hele jaar door verwelkomd in residentie in <a href=\"https:\/\/roseraie.org\/\" target=\"_blank\" rel=\"noopener\"><strong>La Roseraie <\/strong><\/a>; ze zijn lid van<a href=\"https:\/\/aireslibres.be\/\" target=\"_blank\" rel=\"noopener\"><strong> Aires Libres <\/strong><\/a>(Concertation des arts de la rue, des arts du cirque et des arts forains) en gesteund door <a href=\"http:\/\/www.creationartistique.cfwb.be\/\" target=\"_blank\" rel=\"noopener\">F\u00e9d\u00e9ration Wallonie-Bruxelles<\/a> &#8211; secteur des arts de la rue, des arts du cirque et des arts forains.<\/p>\n<p><!-- Add code here that should appear in the content block of all new pages --><\/p>\n<p>[\/et_pb_text][\/et_pb_column][\/et_pb_row][\/et_pb_section]<\/p>\n","protected":false},"excerpt":{"rendered":"<p><div class=\"menu-menu-langues-fr-container\"><ul id=\"menu-menu-langues-fr-1\" class=\"menu_lang\"><li class=\"menu-item menu-item-type-custom menu-item-object-custom menu-item-174\"><a href=\"#pll_switcher\">Langues<\/a><\/li>\n<li class=\"menu-item menu-item-type-custom menu-item-object-custom menu-item-179\"><a href=\"https:\/\/www.facebook.com\/Les-Argonautes-130898313591096\/?__tn__=%2CdK*F-R&#038;eid=ARDqHPWnhRdTVSWiF2imUcUeGv8Epa7cbpTkegO5o_o6wVhzRMmbH7W0bByMfUDzP3-OljLAz821wIEc\">\u00a0<\/a><\/li>\n<\/ul><\/div> <div class=\"menu-menu-principal-fr-container\"><ul id=\"menu-menu-principal-fr-1\" class=\"menu_custom\"><li class=\"menu-item menu-item-type-post_type menu-item-object-page menu-item-home menu-item-136\"><a href=\"https:\/\/www.argonautes.be\/\">Accueil<\/a><\/li>\n<li class=\"menu-item menu-item-type-post_type menu-item-object-page menu-item-135\"><a href=\"https:\/\/www.argonautes.be\/index.php\/compagnie\">Compagnie<\/a><\/li>\n<li class=\"menu-item menu-item-type-custom menu-item-object-custom menu-item-has-children menu-item-137\"><a href=\"#\">Spectacles<\/a>\n<ul class=\"sub-menu\">\n\t<li class=\"menu-item menu-item-type-post_type menu-item-object-page menu-item-2718\"><a href=\"https:\/\/www.argonautes.be\/index.php\/compagnie\/kano\">KANO<span>en tourn\u00e9e<\/span><\/a><\/li>\n\t<li class=\"menu-item menu-item-type-post_type menu-item-object-page menu-item-4405\"><a href=\"https:\/\/www.argonautes.be\/index.php\/compagnie\/claque\">CLASH<span>en cr\u00e9ation<\/span><\/a><\/li>\n\t<li class=\"menu-item menu-item-type-post_type menu-item-object-page menu-item-2740\"><a href=\"https:\/\/www.argonautes.be\/index.php\/compagnie\/foire-aux-monstres\">Une Foire aux monstres<span>archive<\/span><\/a><\/li>\n\t<li class=\"menu-item menu-item-type-post_type menu-item-object-page menu-item-215\"><a href=\"https:\/\/www.argonautes.be\/index.php\/compagnie\/lhomme-qui-marche\">L&rsquo;Homme qui marche <span>archive<\/span><\/a><\/li>\n\t<li class=\"menu-item menu-item-type-post_type menu-item-object-page menu-item-2597\"><a href=\"https:\/\/www.argonautes.be\/index.php\/compagnie\/conversation-avec-la-pierre\">Conversation avec la pierre<span>archive<\/span><\/a><\/li>\n\t<li class=\"menu-item menu-item-type-post_type menu-item-object-page menu-item-1222\"><a href=\"https:\/\/www.argonautes.be\/index.php\/compagnie\/manneken-cirk\">Manneken Cirk<span>archive<\/span><\/a><\/li>\n\t<li class=\"menu-item menu-item-type-post_type menu-item-object-page menu-item-1550\"><a href=\"https:\/\/www.argonautes.be\/index.php\/compagnie\/entre-deux-2\">Entre d&rsquo;Eux<span>archive<\/span><\/a><\/li>\n\t<li class=\"menu-item menu-item-type-post_type menu-item-object-page menu-item-210\"><a href=\"https:\/\/www.argonautes.be\/index.php\/compagnie\/solo-due\">Solo due <span>archive<\/span><\/a><\/li>\n\t<li class=\"menu-item menu-item-type-post_type menu-item-object-page menu-item-630\"><a href=\"https:\/\/www.argonautes.be\/index.php\/compagnie\/pas-perdus\">Pas Perdus<span>archive<\/span><\/a><\/li>\n\t<li class=\"menu-item menu-item-type-post_type menu-item-object-page menu-item-638\"><a href=\"https:\/\/www.argonautes.be\/index.php\/compagnie\/le-principe-dincertitude\">Le Principe d&rsquo;Incertitude<span>archive<\/span><\/a><\/li>\n\t<li class=\"menu-item menu-item-type-post_type menu-item-object-page menu-item-610\"><a href=\"https:\/\/www.argonautes.be\/index.php\/compagnie\/la-fleur-vide\">La Fleur Vide<span>archive<\/span><\/a><\/li>\n\t<li class=\"menu-item menu-item-type-post_type menu-item-object-page menu-item-672\"><a href=\"https:\/\/www.argonautes.be\/index.php\/compagnie\/zouff\">Zouff !<span>archive<\/span><\/a><\/li>\n\t<li class=\"menu-item menu-item-type-post_type menu-item-object-page menu-item-655\"><a href=\"https:\/\/www.argonautes.be\/index.php\/compagnie\/la-toison-dorgue\">La Toison d&rsquo;Orgue<span>archive<\/span><\/a><\/li>\n<\/ul>\n<\/li>\n<li class=\"menu-item menu-item-type-post_type menu-item-object-page menu-item-3296\"><a href=\"https:\/\/www.argonautes.be\/index.php\/agenda\">Agenda<\/a><\/li>\n<li class=\"menu-item menu-item-type-post_type menu-item-object-page menu-item-133\"><a href=\"https:\/\/www.argonautes.be\/index.php\/contact\">Contact<\/a><\/li>\n<li class=\"menu-item menu-item-type-post_type menu-item-object-page menu-item-132\"><a href=\"https:\/\/www.argonautes.be\/index.php\/liens\">Liens<\/a><\/li>\n<\/ul><\/div> link: wat verenigt, wat verbindt hieronder, gezelschappen, plaatsen, instellingen waarmee Les Argonautes links hebben. Gezelschappen : | Compagnie la Casquette | Th\u00e9\u00e2tre de Galafronie | Carr\u00e9 Curieux | [&hellip;]<\/p>\n","protected":false},"author":1,"featured_media":0,"parent":0,"menu_order":0,"comment_status":"closed","ping_status":"closed","template":"","meta":{"_et_pb_use_builder":"on","_et_pb_old_content":"","_et_gb_content_width":"","ngg_post_thumbnail":0,"footnotes":""},"class_list":["post-112","page","type-page","status-publish","hentry"],"_links":{"self":[{"href":"https:\/\/www.argonautes.be\/index.php\/wp-json\/wp\/v2\/pages\/112","targetHints":{"allow":["GET"]}}],"collection":[{"href":"https:\/\/www.argonautes.be\/index.php\/wp-json\/wp\/v2\/pages"}],"about":[{"href":"https:\/\/www.argonautes.be\/index.php\/wp-json\/wp\/v2\/types\/page"}],"author":[{"embeddable":true,"href":"https:\/\/www.argonautes.be\/index.php\/wp-json\/wp\/v2\/users\/1"}],"replies":[{"embeddable":true,"href":"https:\/\/www.argonautes.be\/index.php\/wp-json\/wp\/v2\/comments?post=112"}],"version-history":[{"count":11,"href":"https:\/\/www.argonautes.be\/index.php\/wp-json\/wp\/v2\/pages\/112\/revisions"}],"predecessor-version":[{"id":3210,"href":"https:\/\/www.argonautes.be\/index.php\/wp-json\/wp\/v2\/pages\/112\/revisions\/3210"}],"wp:attachment":[{"href":"https:\/\/www.argonautes.be\/index.php\/wp-json\/wp\/v2\/media?parent=112"}],"curies":[{"name":"wp","href":"https:\/\/api.w.org\/{rel}","templated":true}]}}