{"id":1465,"date":"2019-05-13T10:16:16","date_gmt":"2019-05-13T08:16:16","guid":{"rendered":"http:\/\/www.argonautes.be\/?page_id=1465"},"modified":"2021-10-09T11:24:31","modified_gmt":"2021-10-09T09:24:31","slug":"entre-deux-2","status":"publish","type":"page","link":"https:\/\/www.argonautes.be\/index.php\/compagnie\/entre-deux-2","title":{"rendered":"Entre d&rsquo;Eux"},"content":{"rendered":"<p>[et_pb_section fb_built=\u00a0\u00bb1&Prime; _builder_version=\u00a0\u00bb3.22&Prime; background_image=\u00a0\u00bbhttps:\/\/www.argonautes.be\/wp-content\/uploads\/2018\/12\/entredeux_spec.jpg\u00a0\u00bb][et_pb_row column_structure=\u00a0\u00bb3_4,1_4&Prime; module_class=\u00a0\u00bbcadre_banniere\u00a0\u00bb _builder_version=\u00a0\u00bb3.25&Prime;][et_pb_column type=\u00a0\u00bb3_4&Prime; _builder_version=\u00a0\u00bb3.25&Prime; custom_padding=\u00a0\u00bb|||\u00a0\u00bb custom_padding__hover=\u00a0\u00bb|||\u00a0\u00bb][et_pb_image src=\u00a0\u00bbhttps:\/\/www.argonautes.be\/wp-content\/uploads\/2018\/12\/logo_argo_entredeux.png\u00a0\u00bb align_tablet=\u00a0\u00bbcenter\u00a0\u00bb align_phone=\u00a0\u00bb\u00a0\u00bb align_last_edited=\u00a0\u00bbon|desktop\u00a0\u00bb admin_label=\u00a0\u00bbImage Logo\u00a0\u00bb _builder_version=\u00a0\u00bb3.23&Prime;][\/et_pb_image][\/et_pb_column][et_pb_column type=\u00a0\u00bb1_4&Prime; _builder_version=\u00a0\u00bb3.25&Prime; custom_padding=\u00a0\u00bb|||\u00a0\u00bb custom_padding__hover=\u00a0\u00bb|||\u00a0\u00bb][et_pb_text admin_label=\u00a0\u00bbTexte Menu langues + Fb\u00a0\u00bb _builder_version=\u00a0\u00bb3.27.4&Prime;]<\/p>\n<p>\n<div class=\"menu-menu-langues-fr-container\"><ul id=\"menu-menu-langues-fr\" class=\"menu_lang\"><li id=\"menu-item-174\" class=\"menu-item menu-item-type-custom menu-item-object-custom menu-item-174\"><a href=\"#pll_switcher\">Langues<\/a><\/li>\n<li id=\"menu-item-179\" class=\"menu-item menu-item-type-custom menu-item-object-custom menu-item-179\"><a href=\"https:\/\/www.facebook.com\/Les-Argonautes-130898313591096\/?__tn__=%2CdK*F-R&#038;eid=ARDqHPWnhRdTVSWiF2imUcUeGv8Epa7cbpTkegO5o_o6wVhzRMmbH7W0bByMfUDzP3-OljLAz821wIEc\">\u00a0<\/a><\/li>\n<\/ul><\/div><br \/>\n[\/et_pb_text][\/et_pb_column][\/et_pb_row][et_pb_row module_class=\u00a0\u00bbcadre_contenu_test\u00a0\u00bb _builder_version=\u00a0\u00bb4.8.2&Prime; background_color=\u00a0\u00bbrgba(154,128,35,0.55)\u00a0\u00bb][et_pb_column type=\u00a0\u00bb4_4&Prime; _builder_version=\u00a0\u00bb3.25&Prime; custom_padding=\u00a0\u00bb|||\u00a0\u00bb custom_padding__hover=\u00a0\u00bb|||\u00a0\u00bb][et_pb_text admin_label=\u00a0\u00bbTexte Menu principal\u00a0\u00bb _builder_version=\u00a0\u00bb3.27.4&Prime;]<\/p>\n<p>\n<div class=\"menu-menu-principal-fr-container\"><ul id=\"menu-menu-principal-fr\" class=\"menu_custom\"><li id=\"menu-item-136\" class=\"menu-item menu-item-type-post_type menu-item-object-page menu-item-home menu-item-136\"><a href=\"https:\/\/www.argonautes.be\/\">Accueil<\/a><\/li>\n<li id=\"menu-item-135\" class=\"menu-item menu-item-type-post_type menu-item-object-page menu-item-135\"><a href=\"https:\/\/www.argonautes.be\/index.php\/compagnie\">Compagnie<\/a><\/li>\n<li id=\"menu-item-137\" class=\"menu-item menu-item-type-custom menu-item-object-custom menu-item-has-children menu-item-137\"><a href=\"#\">Spectacles<\/a>\n<ul class=\"sub-menu\">\n\t<li id=\"menu-item-2718\" class=\"menu-item menu-item-type-post_type menu-item-object-page menu-item-2718\"><a href=\"https:\/\/www.argonautes.be\/index.php\/compagnie\/kano\">KANO<span>en tourn\u00e9e<\/span><\/a><\/li>\n\t<li id=\"menu-item-4405\" class=\"menu-item menu-item-type-post_type menu-item-object-page menu-item-4405\"><a href=\"https:\/\/www.argonautes.be\/index.php\/compagnie\/claque\">CLASH<span>en cr\u00e9ation<\/span><\/a><\/li>\n\t<li id=\"menu-item-2740\" class=\"menu-item menu-item-type-post_type menu-item-object-page menu-item-2740\"><a href=\"https:\/\/www.argonautes.be\/index.php\/compagnie\/foire-aux-monstres\">Une Foire aux monstres<span>archive<\/span><\/a><\/li>\n\t<li id=\"menu-item-215\" class=\"menu-item menu-item-type-post_type menu-item-object-page menu-item-215\"><a href=\"https:\/\/www.argonautes.be\/index.php\/compagnie\/lhomme-qui-marche\">L&rsquo;Homme qui marche <span>archive<\/span><\/a><\/li>\n\t<li id=\"menu-item-2597\" class=\"menu-item menu-item-type-post_type menu-item-object-page menu-item-2597\"><a href=\"https:\/\/www.argonautes.be\/index.php\/compagnie\/conversation-avec-la-pierre\">Conversation avec la pierre<span>archive<\/span><\/a><\/li>\n\t<li id=\"menu-item-1222\" class=\"menu-item menu-item-type-post_type menu-item-object-page menu-item-1222\"><a href=\"https:\/\/www.argonautes.be\/index.php\/compagnie\/manneken-cirk\">Manneken Cirk<span>archive<\/span><\/a><\/li>\n\t<li id=\"menu-item-1550\" class=\"menu-item menu-item-type-post_type menu-item-object-page menu-item-1550\"><a href=\"https:\/\/www.argonautes.be\/index.php\/compagnie\/entre-deux-2\">Entre d&rsquo;Eux<span>archive<\/span><\/a><\/li>\n\t<li id=\"menu-item-210\" class=\"menu-item menu-item-type-post_type menu-item-object-page menu-item-210\"><a href=\"https:\/\/www.argonautes.be\/index.php\/compagnie\/solo-due\">Solo due <span>archive<\/span><\/a><\/li>\n\t<li id=\"menu-item-630\" class=\"menu-item menu-item-type-post_type menu-item-object-page menu-item-630\"><a href=\"https:\/\/www.argonautes.be\/index.php\/compagnie\/pas-perdus\">Pas Perdus<span>archive<\/span><\/a><\/li>\n\t<li id=\"menu-item-638\" class=\"menu-item menu-item-type-post_type menu-item-object-page menu-item-638\"><a href=\"https:\/\/www.argonautes.be\/index.php\/compagnie\/le-principe-dincertitude\">Le Principe d&rsquo;Incertitude<span>archive<\/span><\/a><\/li>\n\t<li id=\"menu-item-610\" class=\"menu-item menu-item-type-post_type menu-item-object-page menu-item-610\"><a href=\"https:\/\/www.argonautes.be\/index.php\/compagnie\/la-fleur-vide\">La Fleur Vide<span>archive<\/span><\/a><\/li>\n\t<li id=\"menu-item-672\" class=\"menu-item menu-item-type-post_type menu-item-object-page menu-item-672\"><a href=\"https:\/\/www.argonautes.be\/index.php\/compagnie\/zouff\">Zouff !<span>archive<\/span><\/a><\/li>\n\t<li id=\"menu-item-655\" class=\"menu-item menu-item-type-post_type menu-item-object-page menu-item-655\"><a href=\"https:\/\/www.argonautes.be\/index.php\/compagnie\/la-toison-dorgue\">La Toison d&rsquo;Orgue<span>archive<\/span><\/a><\/li>\n<\/ul>\n<\/li>\n<li id=\"menu-item-3296\" class=\"menu-item menu-item-type-post_type menu-item-object-page menu-item-3296\"><a href=\"https:\/\/www.argonautes.be\/index.php\/agenda\">Agenda<\/a><\/li>\n<li id=\"menu-item-133\" class=\"menu-item menu-item-type-post_type menu-item-object-page menu-item-133\"><a href=\"https:\/\/www.argonautes.be\/index.php\/contact\">Contact<\/a><\/li>\n<li id=\"menu-item-132\" class=\"menu-item menu-item-type-post_type menu-item-object-page menu-item-132\"><a href=\"https:\/\/www.argonautes.be\/index.php\/liens\">Liens<\/a><\/li>\n<\/ul><\/div><br \/>\n[\/et_pb_text][et_pb_accordion admin_label=\u00a0\u00bbAccord\u00e9on Titre spectacle\u00a0\u00bb _builder_version=\u00a0\u00bb4.9.4&Prime; hover_enabled=\u00a0\u00bb0&Prime; sticky_enabled=\u00a0\u00bb0&Prime;][et_pb_accordion_item title=\u00a0\u00bbEntre d&rsquo;Eux\u00a0\u00bb open=\u00a0\u00bbon\u00a0\u00bb _builder_version=\u00a0\u00bb4.9.4&Prime; hover_enabled=\u00a0\u00bb0&Prime; sticky_enabled=\u00a0\u00bb0&Prime;]Ell<img loading=\"lazy\" decoding=\"async\" class=\"size-medium wp-image-1181 alignright\" src=\"https:\/\/www.argonautes.be\/wp-content\/uploads\/2019\/01\/e_acc-300x199.jpg\" alt=\"\" width=\"300\" height=\"199\" srcset=\"https:\/\/www.argonautes.be\/wp-content\/uploads\/2019\/01\/e_acc-300x199.jpg 300w, https:\/\/www.argonautes.be\/wp-content\/uploads\/2019\/01\/e_acc.jpg 600w\" sizes=\"(max-width: 300px) 100vw, 300px\" \/>e et Lui.<\/p>\n<p>Deux individus bourr\u00e9s de d\u00e9sirs, de pulsions.<br \/>\nUne propension \u00e0 ne dire que rarement ce qu\u2019ils pensent vraiment.<br \/>\nUne dose plus ou moins importante de mauvaise foi leur permettant de garder une image positive de soi.<br \/>\nParfois ils se trouvent face l\u2019un \u00e0 l\u2019autre, transparents et sinc\u00e8res.<\/p>\n<p>Du moins, ils y croient !<\/p>\n<p>Entre d&rsquo;Eux est affaire d\u2019alchimie. Non celle qui transforme le plomb en or mais celle qui silencieusement se glisse dans la rencontre. Celle qui se dessine dans les attentions les regards, les gestes faits vers l\u2019autre, pour l\u2019autre \u00e0 cause de l\u2019autre. Alchimie du mouvement et du cirque aussi pour saisir l\u2019impalpable de la rencontre. Eclairer ces gestes qui en disent long, prennent le risque, r\u00e9v\u00e8lent et trahissent, ces gestes qui s\u2019attirent et s\u2019aimantent.[\/et_pb_accordion_item][et_pb_accordion_item title=\u00a0\u00bbDistribution\u00a0\u00bb _builder_version=\u00a0\u00bb3.19.12&Prime; open=\u00a0\u00bboff\u00a0\u00bb]<\/p>\n<p>Interpr\u00e8tes : <strong>Luca Aeschlimann,<\/strong> <strong>Natalia Fandi\u00f1o,<\/strong> <strong>Sara Olmo,<\/strong> <strong>Sergio Mendes,<\/strong> <strong>Natalia Weinger<\/strong><\/p>\n<p>Mise en sc\u00e8ne : <strong>Philippe Vande Weghe<\/strong><\/p>\n<p>Conseill\u00e8re \u00e0 la dramaturgie et chor\u00e9graphie : <strong>Ang\u00e9lique Willkie<\/strong><\/p>\n<p>Sc\u00e9nographie : <strong>Suhail Shaikh<\/strong><\/p>\n<p>Cr\u00e9ation bande son :<strong> Mark Dehoux<\/strong> en collaboration avec <strong>S\u00e9verine Cayron<\/strong><\/p>\n<p>Cr\u00e9ation lumi\u00e8re : <strong>Anne Straetmans<\/strong><\/p>\n<p>Costumes : <strong>Catherine Piqueray<\/strong><\/p>\n<p>Production : <strong>Christian Gm\u00fcnder<\/strong><\/p>\n<p>[\/et_pb_accordion_item][et_pb_accordion_item title=\u00a0\u00bbPhoto\u00a0\u00bb _builder_version=\u00a0\u00bb4.9.4&Prime; open=\u00a0\u00bboff\u00a0\u00bb]<\/p>\n<ul class=\"et_post_gallery clearfix\">\n\t\t\t\t\t<li class=\"et_gallery_item et_pb_gallery_image\">\n\t\t\t\t\t\t<a href=\"https:\/\/www.argonautes.be\/wp-content\/uploads\/2018\/12\/e2_120.jpg\" title=\"e2_120\">\n\t\t\t\t\t\t\t<span class=\"et_portfolio_image\">\n\t\t\t\t\t\t\t\t<img loading=\"lazy\" decoding=\"async\" width=\"400\" height=\"284\" src=\"https:\/\/www.argonautes.be\/wp-content\/uploads\/2018\/12\/e2_120-400x284.jpg\" class=\"attachment-et-pb-portfolio-image size-et-pb-portfolio-image\" alt=\"\" \/>\n\t\t\t\t\t\t\t\t<span class=\"et_overlay\"><\/span>\n\t\t\t\t\t\t\t<\/span>\n\t\t\t\t\t\t<\/a>\n\t\t\t\t\t\t\n\t\t\t\t\t<\/li><li class=\"et_gallery_item et_pb_gallery_image\">\n\t\t\t\t\t\t<a href=\"https:\/\/www.argonautes.be\/wp-content\/uploads\/2018\/12\/e2_110.jpg\" title=\"e2_110\">\n\t\t\t\t\t\t\t<span class=\"et_portfolio_image\">\n\t\t\t\t\t\t\t\t<img loading=\"lazy\" decoding=\"async\" width=\"400\" height=\"284\" src=\"https:\/\/www.argonautes.be\/wp-content\/uploads\/2018\/12\/e2_110-400x284.jpg\" class=\"attachment-et-pb-portfolio-image size-et-pb-portfolio-image\" alt=\"\" \/>\n\t\t\t\t\t\t\t\t<span class=\"et_overlay\"><\/span>\n\t\t\t\t\t\t\t<\/span>\n\t\t\t\t\t\t<\/a>\n\t\t\t\t\t\t\n\t\t\t\t\t<\/li><li class=\"et_gallery_item et_pb_gallery_image\">\n\t\t\t\t\t\t<a href=\"https:\/\/www.argonautes.be\/wp-content\/uploads\/2018\/12\/e2_100.jpg\" title=\"e2_100\">\n\t\t\t\t\t\t\t<span class=\"et_portfolio_image\">\n\t\t\t\t\t\t\t\t<img loading=\"lazy\" decoding=\"async\" width=\"400\" height=\"284\" src=\"https:\/\/www.argonautes.be\/wp-content\/uploads\/2018\/12\/e2_100-400x284.jpg\" class=\"attachment-et-pb-portfolio-image size-et-pb-portfolio-image\" alt=\"\" \/>\n\t\t\t\t\t\t\t\t<span class=\"et_overlay\"><\/span>\n\t\t\t\t\t\t\t<\/span>\n\t\t\t\t\t\t<\/a>\n\t\t\t\t\t\t\n\t\t\t\t\t<\/li><li class=\"et_gallery_item et_pb_gallery_image\">\n\t\t\t\t\t\t<a href=\"https:\/\/www.argonautes.be\/wp-content\/uploads\/2018\/12\/e2_200.jpg\" title=\"e2_200\">\n\t\t\t\t\t\t\t<span class=\"et_portfolio_image\">\n\t\t\t\t\t\t\t\t<img loading=\"lazy\" decoding=\"async\" width=\"400\" height=\"284\" src=\"https:\/\/www.argonautes.be\/wp-content\/uploads\/2018\/12\/e2_200-400x284.jpg\" class=\"attachment-et-pb-portfolio-image size-et-pb-portfolio-image\" alt=\"\" \/>\n\t\t\t\t\t\t\t\t<span class=\"et_overlay\"><\/span>\n\t\t\t\t\t\t\t<\/span>\n\t\t\t\t\t\t<\/a>\n\t\t\t\t\t\t\n\t\t\t\t\t<\/li><li class=\"et_gallery_item et_pb_gallery_image\">\n\t\t\t\t\t\t<a href=\"https:\/\/www.argonautes.be\/wp-content\/uploads\/2018\/12\/e2_190.jpg\" title=\"e2_190\">\n\t\t\t\t\t\t\t<span class=\"et_portfolio_image\">\n\t\t\t\t\t\t\t\t<img loading=\"lazy\" decoding=\"async\" width=\"400\" height=\"284\" src=\"https:\/\/www.argonautes.be\/wp-content\/uploads\/2018\/12\/e2_190-400x284.jpg\" class=\"attachment-et-pb-portfolio-image size-et-pb-portfolio-image\" alt=\"\" \/>\n\t\t\t\t\t\t\t\t<span class=\"et_overlay\"><\/span>\n\t\t\t\t\t\t\t<\/span>\n\t\t\t\t\t\t<\/a>\n\t\t\t\t\t\t\n\t\t\t\t\t<\/li><li class=\"et_gallery_item et_pb_gallery_image\">\n\t\t\t\t\t\t<a href=\"https:\/\/www.argonautes.be\/wp-content\/uploads\/2018\/12\/e2_180.jpg\" title=\"e2_180\">\n\t\t\t\t\t\t\t<span class=\"et_portfolio_image\">\n\t\t\t\t\t\t\t\t<img loading=\"lazy\" decoding=\"async\" width=\"400\" height=\"284\" src=\"https:\/\/www.argonautes.be\/wp-content\/uploads\/2018\/12\/e2_180-400x284.jpg\" class=\"attachment-et-pb-portfolio-image size-et-pb-portfolio-image\" alt=\"\" \/>\n\t\t\t\t\t\t\t\t<span class=\"et_overlay\"><\/span>\n\t\t\t\t\t\t\t<\/span>\n\t\t\t\t\t\t<\/a>\n\t\t\t\t\t\t\n\t\t\t\t\t<\/li><li class=\"et_gallery_item et_pb_gallery_image\">\n\t\t\t\t\t\t<a href=\"https:\/\/www.argonautes.be\/wp-content\/uploads\/2018\/12\/e2_170.jpg\" title=\"e2_170\">\n\t\t\t\t\t\t\t<span class=\"et_portfolio_image\">\n\t\t\t\t\t\t\t\t<img loading=\"lazy\" decoding=\"async\" width=\"400\" height=\"284\" src=\"https:\/\/www.argonautes.be\/wp-content\/uploads\/2018\/12\/e2_170-400x284.jpg\" class=\"attachment-et-pb-portfolio-image size-et-pb-portfolio-image\" alt=\"\" \/>\n\t\t\t\t\t\t\t\t<span class=\"et_overlay\"><\/span>\n\t\t\t\t\t\t\t<\/span>\n\t\t\t\t\t\t<\/a>\n\t\t\t\t\t\t\n\t\t\t\t\t<\/li><li class=\"et_gallery_item et_pb_gallery_image\">\n\t\t\t\t\t\t<a href=\"https:\/\/www.argonautes.be\/wp-content\/uploads\/2018\/12\/e2_160.jpg\" title=\"e2_160\">\n\t\t\t\t\t\t\t<span class=\"et_portfolio_image\">\n\t\t\t\t\t\t\t\t<img loading=\"lazy\" decoding=\"async\" width=\"400\" height=\"284\" src=\"https:\/\/www.argonautes.be\/wp-content\/uploads\/2018\/12\/e2_160-400x284.jpg\" class=\"attachment-et-pb-portfolio-image size-et-pb-portfolio-image\" alt=\"\" \/>\n\t\t\t\t\t\t\t\t<span class=\"et_overlay\"><\/span>\n\t\t\t\t\t\t\t<\/span>\n\t\t\t\t\t\t<\/a>\n\t\t\t\t\t\t\n\t\t\t\t\t<\/li><li class=\"et_gallery_item et_pb_gallery_image\">\n\t\t\t\t\t\t<a href=\"https:\/\/www.argonautes.be\/wp-content\/uploads\/2018\/12\/e2_150.jpg\" title=\"e2_150\">\n\t\t\t\t\t\t\t<span class=\"et_portfolio_image\">\n\t\t\t\t\t\t\t\t<img loading=\"lazy\" decoding=\"async\" width=\"400\" height=\"284\" src=\"https:\/\/www.argonautes.be\/wp-content\/uploads\/2018\/12\/e2_150-400x284.jpg\" class=\"attachment-et-pb-portfolio-image size-et-pb-portfolio-image\" alt=\"\" \/>\n\t\t\t\t\t\t\t\t<span class=\"et_overlay\"><\/span>\n\t\t\t\t\t\t\t<\/span>\n\t\t\t\t\t\t<\/a>\n\t\t\t\t\t\t\n\t\t\t\t\t<\/li><li class=\"et_gallery_item et_pb_gallery_image\">\n\t\t\t\t\t\t<a href=\"https:\/\/www.argonautes.be\/wp-content\/uploads\/2018\/12\/e2_140.jpg\" title=\"e2_140\">\n\t\t\t\t\t\t\t<span class=\"et_portfolio_image\">\n\t\t\t\t\t\t\t\t<img loading=\"lazy\" decoding=\"async\" width=\"400\" height=\"284\" src=\"https:\/\/www.argonautes.be\/wp-content\/uploads\/2018\/12\/e2_140-400x284.jpg\" class=\"attachment-et-pb-portfolio-image size-et-pb-portfolio-image\" alt=\"\" \/>\n\t\t\t\t\t\t\t\t<span class=\"et_overlay\"><\/span>\n\t\t\t\t\t\t\t<\/span>\n\t\t\t\t\t\t<\/a>\n\t\t\t\t\t\t\n\t\t\t\t\t<\/li><li class=\"et_gallery_item et_pb_gallery_image\">\n\t\t\t\t\t\t<a href=\"https:\/\/www.argonautes.be\/wp-content\/uploads\/2018\/12\/e2_130.jpg\" title=\"e2_130\">\n\t\t\t\t\t\t\t<span class=\"et_portfolio_image\">\n\t\t\t\t\t\t\t\t<img loading=\"lazy\" decoding=\"async\" width=\"400\" height=\"284\" src=\"https:\/\/www.argonautes.be\/wp-content\/uploads\/2018\/12\/e2_130-400x284.jpg\" class=\"attachment-et-pb-portfolio-image size-et-pb-portfolio-image\" alt=\"\" \/>\n\t\t\t\t\t\t\t\t<span class=\"et_overlay\"><\/span>\n\t\t\t\t\t\t\t<\/span>\n\t\t\t\t\t\t<\/a>\n\t\t\t\t\t\t\n\t\t\t\t\t<\/li>\n\t\t\t\t<\/ul>\n<p>Photos : <strong>Rocio Paris<\/strong><\/p>\n<p>[\/et_pb_accordion_item][et_pb_accordion_item title=\u00a0\u00bbVid\u00e9o\u00a0\u00bb _builder_version=\u00a0\u00bb3.19.12&Prime; open=\u00a0\u00bboff\u00a0\u00bb]<div style=\"width: 1080px;\" class=\"wp-video\"><video class=\"wp-video-shortcode\" id=\"video-1465-1\" width=\"1080\" height=\"608\" preload=\"metadata\" controls=\"controls\"><source type=\"video\/mp4\" src=\"https:\/\/www.argonautes.be\/wp-content\/uploads\/2018\/12\/entredeux_teaser_mai2015.mp4?_=1\" \/><source type=\"video\/webm\" src=\"https:\/\/www.argonautes.be\/wp-content\/uploads\/2018\/12\/entredeux_teaser_mai2015.webm?_=1\" \/><a href=\"https:\/\/www.argonautes.be\/wp-content\/uploads\/2018\/12\/entredeux_teaser_mai2015.mp4\">https:\/\/www.argonautes.be\/wp-content\/uploads\/2018\/12\/entredeux_teaser_mai2015.mp4<\/a><\/video><\/div><br \/>\n[\/et_pb_accordion_item][et_pb_accordion_item title=\u00a0\u00bbPresse\u00a0\u00bb _builder_version=\u00a0\u00bb3.19.12&Prime; open=\u00a0\u00bboff\u00a0\u00bb][\/et_pb_accordion_item][\/et_pb_accordion][\/et_pb_column][\/et_pb_row][\/et_pb_section]<\/p>\n","protected":false},"excerpt":{"rendered":"<p><div class=\"menu-menu-langues-fr-container\"><ul id=\"menu-menu-langues-fr-1\" class=\"menu_lang\"><li class=\"menu-item menu-item-type-custom menu-item-object-custom menu-item-174\"><a href=\"#pll_switcher\">Langues<\/a><\/li>\n<li class=\"menu-item menu-item-type-custom menu-item-object-custom menu-item-179\"><a href=\"https:\/\/www.facebook.com\/Les-Argonautes-130898313591096\/?__tn__=%2CdK*F-R&#038;eid=ARDqHPWnhRdTVSWiF2imUcUeGv8Epa7cbpTkegO5o_o6wVhzRMmbH7W0bByMfUDzP3-OljLAz821wIEc\">\u00a0<\/a><\/li>\n<\/ul><\/div> <div class=\"menu-menu-principal-fr-container\"><ul id=\"menu-menu-principal-fr-1\" class=\"menu_custom\"><li class=\"menu-item menu-item-type-post_type menu-item-object-page menu-item-home menu-item-136\"><a href=\"https:\/\/www.argonautes.be\/\">Accueil<\/a><\/li>\n<li class=\"menu-item menu-item-type-post_type menu-item-object-page menu-item-135\"><a href=\"https:\/\/www.argonautes.be\/index.php\/compagnie\">Compagnie<\/a><\/li>\n<li class=\"menu-item menu-item-type-custom menu-item-object-custom menu-item-has-children menu-item-137\"><a href=\"#\">Spectacles<\/a>\n<ul class=\"sub-menu\">\n\t<li class=\"menu-item menu-item-type-post_type menu-item-object-page menu-item-2718\"><a href=\"https:\/\/www.argonautes.be\/index.php\/compagnie\/kano\">KANO<span>en tourn\u00e9e<\/span><\/a><\/li>\n\t<li class=\"menu-item menu-item-type-post_type menu-item-object-page menu-item-4405\"><a href=\"https:\/\/www.argonautes.be\/index.php\/compagnie\/claque\">CLASH<span>en cr\u00e9ation<\/span><\/a><\/li>\n\t<li class=\"menu-item menu-item-type-post_type menu-item-object-page menu-item-2740\"><a href=\"https:\/\/www.argonautes.be\/index.php\/compagnie\/foire-aux-monstres\">Une Foire aux monstres<span>archive<\/span><\/a><\/li>\n\t<li class=\"menu-item menu-item-type-post_type menu-item-object-page menu-item-215\"><a href=\"https:\/\/www.argonautes.be\/index.php\/compagnie\/lhomme-qui-marche\">L&rsquo;Homme qui marche <span>archive<\/span><\/a><\/li>\n\t<li class=\"menu-item menu-item-type-post_type menu-item-object-page menu-item-2597\"><a href=\"https:\/\/www.argonautes.be\/index.php\/compagnie\/conversation-avec-la-pierre\">Conversation avec la pierre<span>archive<\/span><\/a><\/li>\n\t<li class=\"menu-item menu-item-type-post_type menu-item-object-page menu-item-1222\"><a href=\"https:\/\/www.argonautes.be\/index.php\/compagnie\/manneken-cirk\">Manneken Cirk<span>archive<\/span><\/a><\/li>\n\t<li class=\"menu-item menu-item-type-post_type menu-item-object-page menu-item-1550\"><a href=\"https:\/\/www.argonautes.be\/index.php\/compagnie\/entre-deux-2\">Entre d&rsquo;Eux<span>archive<\/span><\/a><\/li>\n\t<li class=\"menu-item menu-item-type-post_type menu-item-object-page menu-item-210\"><a href=\"https:\/\/www.argonautes.be\/index.php\/compagnie\/solo-due\">Solo due <span>archive<\/span><\/a><\/li>\n\t<li class=\"menu-item menu-item-type-post_type menu-item-object-page menu-item-630\"><a href=\"https:\/\/www.argonautes.be\/index.php\/compagnie\/pas-perdus\">Pas Perdus<span>archive<\/span><\/a><\/li>\n\t<li class=\"menu-item menu-item-type-post_type menu-item-object-page menu-item-638\"><a href=\"https:\/\/www.argonautes.be\/index.php\/compagnie\/le-principe-dincertitude\">Le Principe d&rsquo;Incertitude<span>archive<\/span><\/a><\/li>\n\t<li class=\"menu-item menu-item-type-post_type menu-item-object-page menu-item-610\"><a href=\"https:\/\/www.argonautes.be\/index.php\/compagnie\/la-fleur-vide\">La Fleur Vide<span>archive<\/span><\/a><\/li>\n\t<li class=\"menu-item menu-item-type-post_type menu-item-object-page menu-item-672\"><a href=\"https:\/\/www.argonautes.be\/index.php\/compagnie\/zouff\">Zouff !<span>archive<\/span><\/a><\/li>\n\t<li class=\"menu-item menu-item-type-post_type menu-item-object-page menu-item-655\"><a href=\"https:\/\/www.argonautes.be\/index.php\/compagnie\/la-toison-dorgue\">La Toison d&rsquo;Orgue<span>archive<\/span><\/a><\/li>\n<\/ul>\n<\/li>\n<li class=\"menu-item menu-item-type-post_type menu-item-object-page menu-item-3296\"><a href=\"https:\/\/www.argonautes.be\/index.php\/agenda\">Agenda<\/a><\/li>\n<li class=\"menu-item menu-item-type-post_type menu-item-object-page menu-item-133\"><a href=\"https:\/\/www.argonautes.be\/index.php\/contact\">Contact<\/a><\/li>\n<li class=\"menu-item menu-item-type-post_type menu-item-object-page menu-item-132\"><a href=\"https:\/\/www.argonautes.be\/index.php\/liens\">Liens<\/a><\/li>\n<\/ul><\/div> Elle et Lui. Deux individus bourr\u00e9s de d\u00e9sirs, de pulsions. Une propension \u00e0 ne dire que rarement ce qu\u2019ils pensent vraiment. Une dose plus ou moins importante de [&hellip;]<\/p>\n","protected":false},"author":2,"featured_media":0,"parent":76,"menu_order":0,"comment_status":"closed","ping_status":"closed","template":"","meta":{"_et_pb_use_builder":"on","_et_pb_old_content":"","_et_gb_content_width":"","ngg_post_thumbnail":0,"footnotes":""},"class_list":["post-1465","page","type-page","status-publish","hentry"],"_links":{"self":[{"href":"https:\/\/www.argonautes.be\/index.php\/wp-json\/wp\/v2\/pages\/1465","targetHints":{"allow":["GET"]}}],"collection":[{"href":"https:\/\/www.argonautes.be\/index.php\/wp-json\/wp\/v2\/pages"}],"about":[{"href":"https:\/\/www.argonautes.be\/index.php\/wp-json\/wp\/v2\/types\/page"}],"author":[{"embeddable":true,"href":"https:\/\/www.argonautes.be\/index.php\/wp-json\/wp\/v2\/users\/2"}],"replies":[{"embeddable":true,"href":"https:\/\/www.argonautes.be\/index.php\/wp-json\/wp\/v2\/comments?post=1465"}],"version-history":[{"count":5,"href":"https:\/\/www.argonautes.be\/index.php\/wp-json\/wp\/v2\/pages\/1465\/revisions"}],"predecessor-version":[{"id":2488,"href":"https:\/\/www.argonautes.be\/index.php\/wp-json\/wp\/v2\/pages\/1465\/revisions\/2488"}],"up":[{"embeddable":true,"href":"https:\/\/www.argonautes.be\/index.php\/wp-json\/wp\/v2\/pages\/76"}],"wp:attachment":[{"href":"https:\/\/www.argonautes.be\/index.php\/wp-json\/wp\/v2\/media?parent=1465"}],"curies":[{"name":"wp","href":"https:\/\/api.w.org\/{rel}","templated":true}]}}