{"id":650,"date":"2018-12-10T15:38:37","date_gmt":"2018-12-10T14:38:37","guid":{"rendered":"http:\/\/www.argonautes.be\/?page_id=650"},"modified":"2021-06-16T14:29:47","modified_gmt":"2021-06-16T12:29:47","slug":"650-2","status":"publish","type":"page","link":"https:\/\/www.argonautes.be\/index.php\/nl\/gezelschap\/650-2","title":{"rendered":"La Toison d&rsquo;Orgue"},"content":{"rendered":"<p>[et_pb_section fb_built=\u00a0\u00bb1&Prime; _builder_version=\u00a0\u00bb3.22&Prime; background_image=\u00a0\u00bbhttps:\/\/www.argonautes.be\/wp-content\/uploads\/2018\/12\/to3-1.jpg\u00a0\u00bb][et_pb_row column_structure=\u00a0\u00bb3_4,1_4&Prime; module_class=\u00a0\u00bbcadre_banniere\u00a0\u00bb _builder_version=\u00a0\u00bb3.25&Prime;][et_pb_column type=\u00a0\u00bb3_4&Prime; _builder_version=\u00a0\u00bb3.25&Prime; custom_padding=\u00a0\u00bb|||\u00a0\u00bb custom_padding__hover=\u00a0\u00bb|||\u00a0\u00bb][et_pb_image src=\u00a0\u00bbhttps:\/\/www.argonautes.be\/wp-content\/uploads\/2018\/12\/logo_argo_to-1.png\u00a0\u00bb align_tablet=\u00a0\u00bbcenter\u00a0\u00bb align_phone=\u00a0\u00bb\u00a0\u00bb align_last_edited=\u00a0\u00bbon|desktop\u00a0\u00bb admin_label=\u00a0\u00bbImage Logo\u00a0\u00bb _builder_version=\u00a0\u00bb3.23&Prime;][\/et_pb_image][\/et_pb_column][et_pb_column type=\u00a0\u00bb1_4&Prime; _builder_version=\u00a0\u00bb3.25&Prime; custom_padding=\u00a0\u00bb|||\u00a0\u00bb custom_padding__hover=\u00a0\u00bb|||\u00a0\u00bb][et_pb_text admin_label=\u00a0\u00bbTexte Menu langues + Fb\u00a0\u00bb _builder_version=\u00a0\u00bb3.27.4&Prime;]<\/p>\n<p>\n<div class=\"menu-menu-langues-fr-container\"><ul id=\"menu-menu-langues-fr\" class=\"menu_lang\"><li id=\"menu-item-174\" class=\"menu-item menu-item-type-custom menu-item-object-custom menu-item-174\"><a href=\"#pll_switcher\">Langues<\/a><\/li>\n<li id=\"menu-item-179\" class=\"menu-item menu-item-type-custom menu-item-object-custom menu-item-179\"><a href=\"https:\/\/www.facebook.com\/Les-Argonautes-130898313591096\/?__tn__=%2CdK*F-R&#038;eid=ARDqHPWnhRdTVSWiF2imUcUeGv8Epa7cbpTkegO5o_o6wVhzRMmbH7W0bByMfUDzP3-OljLAz821wIEc\">\u00a0<\/a><\/li>\n<\/ul><\/div><br \/>\n[\/et_pb_text][\/et_pb_column][\/et_pb_row][et_pb_row module_class=\u00a0\u00bbcadre_contenu_test\u00a0\u00bb _builder_version=\u00a0\u00bb4.8.2&Prime; background_color=\u00a0\u00bbrgba(146,146,146,0.55)\u00a0\u00bb][et_pb_column type=\u00a0\u00bb4_4&Prime; _builder_version=\u00a0\u00bb3.25&Prime; custom_padding=\u00a0\u00bb|||\u00a0\u00bb custom_padding__hover=\u00a0\u00bb|||\u00a0\u00bb][et_pb_text admin_label=\u00a0\u00bbTexte Menu principal\u00a0\u00bb _builder_version=\u00a0\u00bb3.27.4&Prime;]<\/p>\n<p>\n<div class=\"menu-menu-principal-fr-container\"><ul id=\"menu-menu-principal-fr\" class=\"menu_custom\"><li id=\"menu-item-136\" class=\"menu-item menu-item-type-post_type menu-item-object-page menu-item-home menu-item-136\"><a href=\"https:\/\/www.argonautes.be\/\">Accueil<\/a><\/li>\n<li id=\"menu-item-135\" class=\"menu-item menu-item-type-post_type menu-item-object-page menu-item-135\"><a href=\"https:\/\/www.argonautes.be\/index.php\/compagnie\">Compagnie<\/a><\/li>\n<li id=\"menu-item-137\" class=\"menu-item menu-item-type-custom menu-item-object-custom menu-item-has-children menu-item-137\"><a href=\"#\">Spectacles<\/a>\n<ul class=\"sub-menu\">\n\t<li id=\"menu-item-2718\" class=\"menu-item menu-item-type-post_type menu-item-object-page menu-item-2718\"><a href=\"https:\/\/www.argonautes.be\/index.php\/compagnie\/kano\">KANO<span>en tourn\u00e9e<\/span><\/a><\/li>\n\t<li id=\"menu-item-4405\" class=\"menu-item menu-item-type-post_type menu-item-object-page menu-item-4405\"><a href=\"https:\/\/www.argonautes.be\/index.php\/compagnie\/claque\">CLASH<span>en cr\u00e9ation<\/span><\/a><\/li>\n\t<li id=\"menu-item-2740\" class=\"menu-item menu-item-type-post_type menu-item-object-page menu-item-2740\"><a href=\"https:\/\/www.argonautes.be\/index.php\/compagnie\/foire-aux-monstres\">Une Foire aux monstres<span>archive<\/span><\/a><\/li>\n\t<li id=\"menu-item-215\" class=\"menu-item menu-item-type-post_type menu-item-object-page menu-item-215\"><a href=\"https:\/\/www.argonautes.be\/index.php\/compagnie\/lhomme-qui-marche\">L&rsquo;Homme qui marche <span>archive<\/span><\/a><\/li>\n\t<li id=\"menu-item-2597\" class=\"menu-item menu-item-type-post_type menu-item-object-page menu-item-2597\"><a href=\"https:\/\/www.argonautes.be\/index.php\/compagnie\/conversation-avec-la-pierre\">Conversation avec la pierre<span>archive<\/span><\/a><\/li>\n\t<li id=\"menu-item-1222\" class=\"menu-item menu-item-type-post_type menu-item-object-page menu-item-1222\"><a href=\"https:\/\/www.argonautes.be\/index.php\/compagnie\/manneken-cirk\">Manneken Cirk<span>archive<\/span><\/a><\/li>\n\t<li id=\"menu-item-1550\" class=\"menu-item menu-item-type-post_type menu-item-object-page menu-item-1550\"><a href=\"https:\/\/www.argonautes.be\/index.php\/compagnie\/entre-deux-2\">Entre d&rsquo;Eux<span>archive<\/span><\/a><\/li>\n\t<li id=\"menu-item-210\" class=\"menu-item menu-item-type-post_type menu-item-object-page menu-item-210\"><a href=\"https:\/\/www.argonautes.be\/index.php\/compagnie\/solo-due\">Solo due <span>archive<\/span><\/a><\/li>\n\t<li id=\"menu-item-630\" class=\"menu-item menu-item-type-post_type menu-item-object-page menu-item-630\"><a href=\"https:\/\/www.argonautes.be\/index.php\/compagnie\/pas-perdus\">Pas Perdus<span>archive<\/span><\/a><\/li>\n\t<li id=\"menu-item-638\" class=\"menu-item menu-item-type-post_type menu-item-object-page menu-item-638\"><a href=\"https:\/\/www.argonautes.be\/index.php\/compagnie\/le-principe-dincertitude\">Le Principe d&rsquo;Incertitude<span>archive<\/span><\/a><\/li>\n\t<li id=\"menu-item-610\" class=\"menu-item menu-item-type-post_type menu-item-object-page menu-item-610\"><a href=\"https:\/\/www.argonautes.be\/index.php\/compagnie\/la-fleur-vide\">La Fleur Vide<span>archive<\/span><\/a><\/li>\n\t<li id=\"menu-item-672\" class=\"menu-item menu-item-type-post_type menu-item-object-page menu-item-672\"><a href=\"https:\/\/www.argonautes.be\/index.php\/compagnie\/zouff\">Zouff !<span>archive<\/span><\/a><\/li>\n\t<li id=\"menu-item-655\" class=\"menu-item menu-item-type-post_type menu-item-object-page menu-item-655\"><a href=\"https:\/\/www.argonautes.be\/index.php\/compagnie\/la-toison-dorgue\">La Toison d&rsquo;Orgue<span>archive<\/span><\/a><\/li>\n<\/ul>\n<\/li>\n<li id=\"menu-item-3296\" class=\"menu-item menu-item-type-post_type menu-item-object-page menu-item-3296\"><a href=\"https:\/\/www.argonautes.be\/index.php\/agenda\">Agenda<\/a><\/li>\n<li id=\"menu-item-133\" class=\"menu-item menu-item-type-post_type menu-item-object-page menu-item-133\"><a href=\"https:\/\/www.argonautes.be\/index.php\/contact\">Contact<\/a><\/li>\n<li id=\"menu-item-132\" class=\"menu-item menu-item-type-post_type menu-item-object-page menu-item-132\"><a href=\"https:\/\/www.argonautes.be\/index.php\/liens\">Liens<\/a><\/li>\n<\/ul><\/div><br \/>\n[\/et_pb_text][et_pb_accordion admin_label=\u00a0\u00bbAccord\u00e9on Titre spectacle\u00a0\u00bb _builder_version=\u00a0\u00bb4.9.4&Prime; hover_enabled=\u00a0\u00bb0&Prime; sticky_enabled=\u00a0\u00bb0&Prime;][et_pb_accordion_item title=\u00a0\u00bbLa Toison d&rsquo;Orgue\u00a0\u00bb open=\u00a0\u00bbon\u00a0\u00bb _builder_version=\u00a0\u00bb3.17.6&Prime;]Un orgue de foire, un amour impossible,<br \/>\nune foire d&#8217;empoigne,<br \/>\nune \u00e9chelle libre, une poigne de fer,<br \/>\nun soldat prisonnier dans l&rsquo;enfer du d\u00e9cor,<br \/>\nun musicien de haut vol \u00e0 l&rsquo;esprit bas de plafond,<br \/>\nun diable hautain trop s\u00fbr de lui<br \/>\nune danseuse \u00e9toile qui refuse de briller&#8230;<\/p>\n<p>Un spectacle mystique mi-raison,<br \/>\npour quatre artistes mi-m\u00eemes, microbates,<br \/>\nqui tentent vainement de r\u00e9soudre<br \/>\nla quadrature du cirque.<\/p>\n<p>La Toison d&rsquo;Orgue is de eerste creatie van Les Argonautes. Tussen 1996 en 1997 werd deze voorstelling meer dan 200 keer opgevoerd. Ze liep in Belgi\u00eb, Zwitserland, Frankrijk, in Nederland, Luxemburg en in Spanje.<br \/>\n[\/et_pb_accordion_item][et_pb_accordion_item title=\u00a0\u00bbCredits\u00a0\u00bb _builder_version=\u00a0\u00bb3.17.6&Prime; open=\u00a0\u00bboff\u00a0\u00bb]Collectieve creatie van en met <strong>Claude Barbosa, Etienne Borel, Christian Gm\u00fcnder<\/strong> en <strong>Philippe Vande Weghe<\/strong><br \/>\nRegie: <strong>Louis Spagna<\/strong><br \/>\nLichtontwerp : <strong>Bart Verlaenen<\/strong><br \/>\nKostuumontwerp : <strong>Sylvie van Loo<\/strong><br \/>\nTechniek : <strong>Stef de Strooper<\/strong><br \/>\n[\/et_pb_accordion_item][et_pb_accordion_item title=\u00a0\u00bbFoto\u00a0\u00bb _builder_version=\u00a0\u00bb4.9.4&Prime; hover_enabled=\u00a0\u00bb0&Prime; open=\u00a0\u00bboff\u00a0\u00bb sticky_enabled=\u00a0\u00bb0&Prime;]<\/p>\n<ul class=\"et_post_gallery clearfix\">\n\t\t\t\t\t<li class=\"et_gallery_item et_pb_gallery_image\">\n\t\t\t\t\t\t<a href=\"https:\/\/www.argonautes.be\/wp-content\/uploads\/2021\/05\/to_6.jpg\" title=\"to_6\">\n\t\t\t\t\t\t\t<span class=\"et_portfolio_image\">\n\t\t\t\t\t\t\t\t<img loading=\"lazy\" decoding=\"async\" width=\"400\" height=\"284\" src=\"https:\/\/www.argonautes.be\/wp-content\/uploads\/2021\/05\/to_6-400x284.jpg\" class=\"attachment-et-pb-portfolio-image size-et-pb-portfolio-image\" alt=\"\" \/>\n\t\t\t\t\t\t\t\t<span class=\"et_overlay\"><\/span>\n\t\t\t\t\t\t\t<\/span>\n\t\t\t\t\t\t<\/a>\n\t\t\t\t\t\t\n\t\t\t\t\t<\/li><li class=\"et_gallery_item et_pb_gallery_image\">\n\t\t\t\t\t\t<a href=\"https:\/\/www.argonautes.be\/wp-content\/uploads\/2021\/05\/to_5.jpg\" title=\"to_5\">\n\t\t\t\t\t\t\t<span class=\"et_portfolio_image\">\n\t\t\t\t\t\t\t\t<img loading=\"lazy\" decoding=\"async\" width=\"400\" height=\"284\" src=\"https:\/\/www.argonautes.be\/wp-content\/uploads\/2021\/05\/to_5-400x284.jpg\" class=\"attachment-et-pb-portfolio-image size-et-pb-portfolio-image\" alt=\"\" \/>\n\t\t\t\t\t\t\t\t<span class=\"et_overlay\"><\/span>\n\t\t\t\t\t\t\t<\/span>\n\t\t\t\t\t\t<\/a>\n\t\t\t\t\t\t\n\t\t\t\t\t<\/li><li class=\"et_gallery_item et_pb_gallery_image\">\n\t\t\t\t\t\t<a href=\"https:\/\/www.argonautes.be\/wp-content\/uploads\/2021\/05\/to_4.jpg\" title=\"to_4\">\n\t\t\t\t\t\t\t<span class=\"et_portfolio_image\">\n\t\t\t\t\t\t\t\t<img loading=\"lazy\" decoding=\"async\" width=\"400\" height=\"284\" src=\"https:\/\/www.argonautes.be\/wp-content\/uploads\/2021\/05\/to_4-400x284.jpg\" class=\"attachment-et-pb-portfolio-image size-et-pb-portfolio-image\" alt=\"\" \/>\n\t\t\t\t\t\t\t\t<span class=\"et_overlay\"><\/span>\n\t\t\t\t\t\t\t<\/span>\n\t\t\t\t\t\t<\/a>\n\t\t\t\t\t\t\n\t\t\t\t\t<\/li><li class=\"et_gallery_item et_pb_gallery_image\">\n\t\t\t\t\t\t<a href=\"https:\/\/www.argonautes.be\/wp-content\/uploads\/2021\/05\/to_3.jpg\" title=\"to_3\">\n\t\t\t\t\t\t\t<span class=\"et_portfolio_image\">\n\t\t\t\t\t\t\t\t<img loading=\"lazy\" decoding=\"async\" width=\"302\" height=\"284\" src=\"https:\/\/www.argonautes.be\/wp-content\/uploads\/2021\/05\/to_3-302x284.jpg\" class=\"attachment-et-pb-portfolio-image size-et-pb-portfolio-image\" alt=\"\" \/>\n\t\t\t\t\t\t\t\t<span class=\"et_overlay\"><\/span>\n\t\t\t\t\t\t\t<\/span>\n\t\t\t\t\t\t<\/a>\n\t\t\t\t\t\t\n\t\t\t\t\t<\/li><li class=\"et_gallery_item et_pb_gallery_image\">\n\t\t\t\t\t\t<a href=\"https:\/\/www.argonautes.be\/wp-content\/uploads\/2021\/05\/to_2.jpg\" title=\"to_2\">\n\t\t\t\t\t\t\t<span class=\"et_portfolio_image\">\n\t\t\t\t\t\t\t\t<img loading=\"lazy\" decoding=\"async\" width=\"400\" height=\"284\" src=\"https:\/\/www.argonautes.be\/wp-content\/uploads\/2021\/05\/to_2-400x284.jpg\" class=\"attachment-et-pb-portfolio-image size-et-pb-portfolio-image\" alt=\"\" \/>\n\t\t\t\t\t\t\t\t<span class=\"et_overlay\"><\/span>\n\t\t\t\t\t\t\t<\/span>\n\t\t\t\t\t\t<\/a>\n\t\t\t\t\t\t\n\t\t\t\t\t<\/li><li class=\"et_gallery_item et_pb_gallery_image\">\n\t\t\t\t\t\t<a href=\"https:\/\/www.argonautes.be\/wp-content\/uploads\/2021\/05\/to_1.jpg\" title=\"to_1\">\n\t\t\t\t\t\t\t<span class=\"et_portfolio_image\">\n\t\t\t\t\t\t\t\t<img loading=\"lazy\" decoding=\"async\" width=\"307\" height=\"284\" src=\"https:\/\/www.argonautes.be\/wp-content\/uploads\/2021\/05\/to_1-307x284.jpg\" class=\"attachment-et-pb-portfolio-image size-et-pb-portfolio-image\" alt=\"\" \/>\n\t\t\t\t\t\t\t\t<span class=\"et_overlay\"><\/span>\n\t\t\t\t\t\t\t<\/span>\n\t\t\t\t\t\t<\/a>\n\t\t\t\t\t\t\n\t\t\t\t\t<\/li>\n\t\t\t\t<\/ul>\n<p>Foto&rsquo;s: Fran\u00e7ois Schaer<\/p>\n<p>[\/et_pb_accordion_item][et_pb_accordion_item title=\u00a0\u00bbVideo\u00a0\u00bb _builder_version=\u00a0\u00bb3.17.6&Prime; open=\u00a0\u00bboff\u00a0\u00bb][\/et_pb_accordion_item][et_pb_accordion_item title=\u00a0\u00bbPers\u00a0\u00bb _builder_version=\u00a0\u00bb3.17.6&Prime; open=\u00a0\u00bboff\u00a0\u00bb]La Toison d&rsquo;Orgue se paie l&rsquo;un des tabacs les plus m\u00e9morables du cru !<\/p>\n<p>Catherine DEGAN &#8211; Le Soir, ao\u00fbt 95<\/p>\n<p>    Les Argonautes (\u2026) s\u00e8ment, \u00e0 Huy, leur talent ovationn\u00e9.<\/p>\n<p>C.D. &#8211; La Libre Belgique, ao\u00fbt 95<br \/>\n[\/et_pb_accordion_item][\/et_pb_accordion][\/et_pb_column][\/et_pb_row][\/et_pb_section]<\/p>\n","protected":false},"excerpt":{"rendered":"<p><div class=\"menu-menu-langues-fr-container\"><ul id=\"menu-menu-langues-fr-1\" class=\"menu_lang\"><li class=\"menu-item menu-item-type-custom menu-item-object-custom menu-item-174\"><a href=\"#pll_switcher\">Langues<\/a><\/li>\n<li class=\"menu-item menu-item-type-custom menu-item-object-custom menu-item-179\"><a href=\"https:\/\/www.facebook.com\/Les-Argonautes-130898313591096\/?__tn__=%2CdK*F-R&#038;eid=ARDqHPWnhRdTVSWiF2imUcUeGv8Epa7cbpTkegO5o_o6wVhzRMmbH7W0bByMfUDzP3-OljLAz821wIEc\">\u00a0<\/a><\/li>\n<\/ul><\/div> <div class=\"menu-menu-principal-fr-container\"><ul id=\"menu-menu-principal-fr-1\" class=\"menu_custom\"><li class=\"menu-item menu-item-type-post_type menu-item-object-page menu-item-home menu-item-136\"><a href=\"https:\/\/www.argonautes.be\/\">Accueil<\/a><\/li>\n<li class=\"menu-item menu-item-type-post_type menu-item-object-page menu-item-135\"><a href=\"https:\/\/www.argonautes.be\/index.php\/compagnie\">Compagnie<\/a><\/li>\n<li class=\"menu-item menu-item-type-custom menu-item-object-custom menu-item-has-children menu-item-137\"><a href=\"#\">Spectacles<\/a>\n<ul class=\"sub-menu\">\n\t<li class=\"menu-item menu-item-type-post_type menu-item-object-page menu-item-2718\"><a href=\"https:\/\/www.argonautes.be\/index.php\/compagnie\/kano\">KANO<span>en tourn\u00e9e<\/span><\/a><\/li>\n\t<li class=\"menu-item menu-item-type-post_type menu-item-object-page menu-item-4405\"><a href=\"https:\/\/www.argonautes.be\/index.php\/compagnie\/claque\">CLASH<span>en cr\u00e9ation<\/span><\/a><\/li>\n\t<li class=\"menu-item menu-item-type-post_type menu-item-object-page menu-item-2740\"><a href=\"https:\/\/www.argonautes.be\/index.php\/compagnie\/foire-aux-monstres\">Une Foire aux monstres<span>archive<\/span><\/a><\/li>\n\t<li class=\"menu-item menu-item-type-post_type menu-item-object-page menu-item-215\"><a href=\"https:\/\/www.argonautes.be\/index.php\/compagnie\/lhomme-qui-marche\">L&rsquo;Homme qui marche <span>archive<\/span><\/a><\/li>\n\t<li class=\"menu-item menu-item-type-post_type menu-item-object-page menu-item-2597\"><a href=\"https:\/\/www.argonautes.be\/index.php\/compagnie\/conversation-avec-la-pierre\">Conversation avec la pierre<span>archive<\/span><\/a><\/li>\n\t<li class=\"menu-item menu-item-type-post_type menu-item-object-page menu-item-1222\"><a href=\"https:\/\/www.argonautes.be\/index.php\/compagnie\/manneken-cirk\">Manneken Cirk<span>archive<\/span><\/a><\/li>\n\t<li class=\"menu-item menu-item-type-post_type menu-item-object-page menu-item-1550\"><a href=\"https:\/\/www.argonautes.be\/index.php\/compagnie\/entre-deux-2\">Entre d&rsquo;Eux<span>archive<\/span><\/a><\/li>\n\t<li class=\"menu-item menu-item-type-post_type menu-item-object-page menu-item-210\"><a href=\"https:\/\/www.argonautes.be\/index.php\/compagnie\/solo-due\">Solo due <span>archive<\/span><\/a><\/li>\n\t<li class=\"menu-item menu-item-type-post_type menu-item-object-page menu-item-630\"><a href=\"https:\/\/www.argonautes.be\/index.php\/compagnie\/pas-perdus\">Pas Perdus<span>archive<\/span><\/a><\/li>\n\t<li class=\"menu-item menu-item-type-post_type menu-item-object-page menu-item-638\"><a href=\"https:\/\/www.argonautes.be\/index.php\/compagnie\/le-principe-dincertitude\">Le Principe d&rsquo;Incertitude<span>archive<\/span><\/a><\/li>\n\t<li class=\"menu-item menu-item-type-post_type menu-item-object-page menu-item-610\"><a href=\"https:\/\/www.argonautes.be\/index.php\/compagnie\/la-fleur-vide\">La Fleur Vide<span>archive<\/span><\/a><\/li>\n\t<li class=\"menu-item menu-item-type-post_type menu-item-object-page menu-item-672\"><a href=\"https:\/\/www.argonautes.be\/index.php\/compagnie\/zouff\">Zouff !<span>archive<\/span><\/a><\/li>\n\t<li class=\"menu-item menu-item-type-post_type menu-item-object-page menu-item-655\"><a href=\"https:\/\/www.argonautes.be\/index.php\/compagnie\/la-toison-dorgue\">La Toison d&rsquo;Orgue<span>archive<\/span><\/a><\/li>\n<\/ul>\n<\/li>\n<li class=\"menu-item menu-item-type-post_type menu-item-object-page menu-item-3296\"><a href=\"https:\/\/www.argonautes.be\/index.php\/agenda\">Agenda<\/a><\/li>\n<li class=\"menu-item menu-item-type-post_type menu-item-object-page menu-item-133\"><a href=\"https:\/\/www.argonautes.be\/index.php\/contact\">Contact<\/a><\/li>\n<li class=\"menu-item menu-item-type-post_type menu-item-object-page menu-item-132\"><a href=\"https:\/\/www.argonautes.be\/index.php\/liens\">Liens<\/a><\/li>\n<\/ul><\/div> Un orgue de foire, un amour impossible, une foire d&#8217;empoigne, une \u00e9chelle libre, une poigne de fer, un soldat prisonnier dans l&rsquo;enfer du d\u00e9cor, un musicien de haut [&hellip;]<\/p>\n","protected":false},"author":1,"featured_media":0,"parent":79,"menu_order":0,"comment_status":"closed","ping_status":"closed","template":"","meta":{"_et_pb_use_builder":"on","_et_pb_old_content":"","_et_gb_content_width":"","ngg_post_thumbnail":0,"footnotes":""},"class_list":["post-650","page","type-page","status-publish","hentry"],"_links":{"self":[{"href":"https:\/\/www.argonautes.be\/index.php\/wp-json\/wp\/v2\/pages\/650","targetHints":{"allow":["GET"]}}],"collection":[{"href":"https:\/\/www.argonautes.be\/index.php\/wp-json\/wp\/v2\/pages"}],"about":[{"href":"https:\/\/www.argonautes.be\/index.php\/wp-json\/wp\/v2\/types\/page"}],"author":[{"embeddable":true,"href":"https:\/\/www.argonautes.be\/index.php\/wp-json\/wp\/v2\/users\/1"}],"replies":[{"embeddable":true,"href":"https:\/\/www.argonautes.be\/index.php\/wp-json\/wp\/v2\/comments?post=650"}],"version-history":[{"count":8,"href":"https:\/\/www.argonautes.be\/index.php\/wp-json\/wp\/v2\/pages\/650\/revisions"}],"predecessor-version":[{"id":2340,"href":"https:\/\/www.argonautes.be\/index.php\/wp-json\/wp\/v2\/pages\/650\/revisions\/2340"}],"up":[{"embeddable":true,"href":"https:\/\/www.argonautes.be\/index.php\/wp-json\/wp\/v2\/pages\/79"}],"wp:attachment":[{"href":"https:\/\/www.argonautes.be\/index.php\/wp-json\/wp\/v2\/media?parent=650"}],"curies":[{"name":"wp","href":"https:\/\/api.w.org\/{rel}","templated":true}]}}