{"id":658,"date":"2018-12-10T15:54:15","date_gmt":"2018-12-10T14:54:15","guid":{"rendered":"http:\/\/www.argonautes.be\/?page_id=658"},"modified":"2021-06-16T14:37:41","modified_gmt":"2021-06-16T12:37:41","slug":"zouff","status":"publish","type":"page","link":"https:\/\/www.argonautes.be\/index.php\/nl\/gezelschap\/zouff","title":{"rendered":"Zouff !"},"content":{"rendered":"<p>[et_pb_section fb_built=\u00a0\u00bb1&Prime; _builder_version=\u00a0\u00bb3.22&Prime; background_image=\u00a0\u00bbhttps:\/\/www.argonautes.be\/wp-content\/uploads\/2018\/12\/zouff_spec-1.jpg\u00a0\u00bb][et_pb_row column_structure=\u00a0\u00bb3_4,1_4&Prime; module_class=\u00a0\u00bbcadre_banniere\u00a0\u00bb _builder_version=\u00a0\u00bb3.25&Prime;][et_pb_column type=\u00a0\u00bb3_4&Prime; _builder_version=\u00a0\u00bb3.25&Prime; custom_padding=\u00a0\u00bb|||\u00a0\u00bb custom_padding__hover=\u00a0\u00bb|||\u00a0\u00bb][et_pb_image src=\u00a0\u00bbhttps:\/\/www.argonautes.be\/wp-content\/uploads\/2018\/12\/logo_argo_zouff-2.png\u00a0\u00bb align_tablet=\u00a0\u00bbcenter\u00a0\u00bb align_phone=\u00a0\u00bb\u00a0\u00bb align_last_edited=\u00a0\u00bbon|desktop\u00a0\u00bb admin_label=\u00a0\u00bbImage Logo\u00a0\u00bb _builder_version=\u00a0\u00bb3.23&Prime;][\/et_pb_image][\/et_pb_column][et_pb_column type=\u00a0\u00bb1_4&Prime; _builder_version=\u00a0\u00bb3.25&Prime; custom_padding=\u00a0\u00bb|||\u00a0\u00bb custom_padding__hover=\u00a0\u00bb|||\u00a0\u00bb][et_pb_text admin_label=\u00a0\u00bbTexte Menu langues + Fb\u00a0\u00bb _builder_version=\u00a0\u00bb3.27.4&Prime;]<\/p>\n<p>\n<div class=\"menu-menu-langues-fr-container\"><ul id=\"menu-menu-langues-fr\" class=\"menu_lang\"><li id=\"menu-item-174\" class=\"menu-item menu-item-type-custom menu-item-object-custom menu-item-174\"><a href=\"#pll_switcher\">Langues<\/a><\/li>\n<li id=\"menu-item-179\" class=\"menu-item menu-item-type-custom menu-item-object-custom menu-item-179\"><a href=\"https:\/\/www.facebook.com\/Les-Argonautes-130898313591096\/?__tn__=%2CdK*F-R&#038;eid=ARDqHPWnhRdTVSWiF2imUcUeGv8Epa7cbpTkegO5o_o6wVhzRMmbH7W0bByMfUDzP3-OljLAz821wIEc\">\u00a0<\/a><\/li>\n<\/ul><\/div><br \/>\n[\/et_pb_text][\/et_pb_column][\/et_pb_row][et_pb_row module_class=\u00a0\u00bbcadre_contenu_test\u00a0\u00bb _builder_version=\u00a0\u00bb4.8.2&Prime; background_color=\u00a0\u00bbrgba(166,74,49,0.65)\u00a0\u00bb][et_pb_column type=\u00a0\u00bb4_4&Prime; _builder_version=\u00a0\u00bb3.25&Prime; custom_padding=\u00a0\u00bb|||\u00a0\u00bb custom_padding__hover=\u00a0\u00bb|||\u00a0\u00bb][et_pb_text admin_label=\u00a0\u00bbTexte Menu principal\u00a0\u00bb _builder_version=\u00a0\u00bb3.27.4&Prime;]<\/p>\n<p>\n<div class=\"menu-menu-principal-fr-container\"><ul id=\"menu-menu-principal-fr\" class=\"menu_custom\"><li id=\"menu-item-136\" class=\"menu-item menu-item-type-post_type menu-item-object-page menu-item-home menu-item-136\"><a href=\"https:\/\/www.argonautes.be\/\">Accueil<\/a><\/li>\n<li id=\"menu-item-135\" class=\"menu-item menu-item-type-post_type menu-item-object-page menu-item-135\"><a href=\"https:\/\/www.argonautes.be\/index.php\/compagnie\">Compagnie<\/a><\/li>\n<li id=\"menu-item-137\" class=\"menu-item menu-item-type-custom menu-item-object-custom menu-item-has-children menu-item-137\"><a href=\"#\">Spectacles<\/a>\n<ul class=\"sub-menu\">\n\t<li id=\"menu-item-2718\" class=\"menu-item menu-item-type-post_type menu-item-object-page menu-item-2718\"><a href=\"https:\/\/www.argonautes.be\/index.php\/compagnie\/kano\">KANO<span>en tourn\u00e9e<\/span><\/a><\/li>\n\t<li id=\"menu-item-4405\" class=\"menu-item menu-item-type-post_type menu-item-object-page menu-item-4405\"><a href=\"https:\/\/www.argonautes.be\/index.php\/compagnie\/claque\">CLASH<span>en cr\u00e9ation<\/span><\/a><\/li>\n\t<li id=\"menu-item-2740\" class=\"menu-item menu-item-type-post_type menu-item-object-page menu-item-2740\"><a href=\"https:\/\/www.argonautes.be\/index.php\/compagnie\/foire-aux-monstres\">Une Foire aux monstres<span>archive<\/span><\/a><\/li>\n\t<li id=\"menu-item-215\" class=\"menu-item menu-item-type-post_type menu-item-object-page menu-item-215\"><a href=\"https:\/\/www.argonautes.be\/index.php\/compagnie\/lhomme-qui-marche\">L&rsquo;Homme qui marche <span>archive<\/span><\/a><\/li>\n\t<li id=\"menu-item-2597\" class=\"menu-item menu-item-type-post_type menu-item-object-page menu-item-2597\"><a href=\"https:\/\/www.argonautes.be\/index.php\/compagnie\/conversation-avec-la-pierre\">Conversation avec la pierre<span>archive<\/span><\/a><\/li>\n\t<li id=\"menu-item-1222\" class=\"menu-item menu-item-type-post_type menu-item-object-page menu-item-1222\"><a href=\"https:\/\/www.argonautes.be\/index.php\/compagnie\/manneken-cirk\">Manneken Cirk<span>archive<\/span><\/a><\/li>\n\t<li id=\"menu-item-1550\" class=\"menu-item menu-item-type-post_type menu-item-object-page menu-item-1550\"><a href=\"https:\/\/www.argonautes.be\/index.php\/compagnie\/entre-deux-2\">Entre d&rsquo;Eux<span>archive<\/span><\/a><\/li>\n\t<li id=\"menu-item-210\" class=\"menu-item menu-item-type-post_type menu-item-object-page menu-item-210\"><a href=\"https:\/\/www.argonautes.be\/index.php\/compagnie\/solo-due\">Solo due <span>archive<\/span><\/a><\/li>\n\t<li id=\"menu-item-630\" class=\"menu-item menu-item-type-post_type menu-item-object-page menu-item-630\"><a href=\"https:\/\/www.argonautes.be\/index.php\/compagnie\/pas-perdus\">Pas Perdus<span>archive<\/span><\/a><\/li>\n\t<li id=\"menu-item-638\" class=\"menu-item menu-item-type-post_type menu-item-object-page menu-item-638\"><a href=\"https:\/\/www.argonautes.be\/index.php\/compagnie\/le-principe-dincertitude\">Le Principe d&rsquo;Incertitude<span>archive<\/span><\/a><\/li>\n\t<li id=\"menu-item-610\" class=\"menu-item menu-item-type-post_type menu-item-object-page menu-item-610\"><a href=\"https:\/\/www.argonautes.be\/index.php\/compagnie\/la-fleur-vide\">La Fleur Vide<span>archive<\/span><\/a><\/li>\n\t<li id=\"menu-item-672\" class=\"menu-item menu-item-type-post_type menu-item-object-page menu-item-672\"><a href=\"https:\/\/www.argonautes.be\/index.php\/compagnie\/zouff\">Zouff !<span>archive<\/span><\/a><\/li>\n\t<li id=\"menu-item-655\" class=\"menu-item menu-item-type-post_type menu-item-object-page menu-item-655\"><a href=\"https:\/\/www.argonautes.be\/index.php\/compagnie\/la-toison-dorgue\">La Toison d&rsquo;Orgue<span>archive<\/span><\/a><\/li>\n<\/ul>\n<\/li>\n<li id=\"menu-item-3296\" class=\"menu-item menu-item-type-post_type menu-item-object-page menu-item-3296\"><a href=\"https:\/\/www.argonautes.be\/index.php\/agenda\">Agenda<\/a><\/li>\n<li id=\"menu-item-133\" class=\"menu-item menu-item-type-post_type menu-item-object-page menu-item-133\"><a href=\"https:\/\/www.argonautes.be\/index.php\/contact\">Contact<\/a><\/li>\n<li id=\"menu-item-132\" class=\"menu-item menu-item-type-post_type menu-item-object-page menu-item-132\"><a href=\"https:\/\/www.argonautes.be\/index.php\/liens\">Liens<\/a><\/li>\n<\/ul><\/div><br \/>\n[\/et_pb_text][et_pb_accordion admin_label=\u00a0\u00bbAccord\u00e9on Titre spectacle\u00a0\u00bb _builder_version=\u00a0\u00bb4.9.4&Prime; hover_enabled=\u00a0\u00bb0&Prime; sticky_enabled=\u00a0\u00bb0&Prime;][et_pb_accordion_item title=\u00a0\u00bbZouff !\u00a0\u00bb open=\u00a0\u00bbon\u00a0\u00bb _builder_version=\u00a0\u00bb3.17.6&Prime;]Cinq personnages, dont l&rsquo;improbabilit\u00e9 n&rsquo;a d&rsquo;\u00e9gal que la douce folie, pr\u00e9sentent \u00ab\u00a0Zouff!\u00a0\u00bb, un spectacle son, lumi\u00e8re et faits sp\u00e9ciaux, o\u00f9 la d\u00e9rision c\u00f4toie l&rsquo;absurde, la po\u00e9sie et la mesquinerie.<br \/>\nA la recherche du chemin le plus courbe entre deux lignes droites, ils d\u00e9couvrent malgr\u00e9 eux que mieux vaut prendre la gravit\u00e9 \u00e0 la l\u00e9g\u00e8re et qu&rsquo;\u00e0 rire de tout, on ne d\u00e9sesp\u00e8re de rien.<\/p>\n<p>De croc-en-jambe en courte \u00e9chelle et du A de humour au Z de sortie de secours, en passant par la Lorraine, les cinq comp\u00e8res s&rsquo;accrochent, s&#8217;embo\u00eetent et s&rsquo;acrobatent, en un spectacle o\u00f9 le mouvement est roi et la parole dort.<\/p>\n<p>Zouff ! liep van 1998 tot 2005. Meer dan 300 keer opgevoerd in Belgi\u00eb, Zwitserland en Frankrijk, maar ook in Portugal, Spanje, Itali\u00eb, in Engeland, Duitsland, in de VS, Canada en Singapore.<br \/>\n[\/et_pb_accordion_item][et_pb_accordion_item title=\u00a0\u00bbCredits\u00a0\u00bb _builder_version=\u00a0\u00bb3.17.6&Prime; open=\u00a0\u00bboff\u00a0\u00bb]Collective creatie van en met : <strong>Claude Barbosa, Etienne Borel, Christian Gm\u00fcnder, Stef de Strooper<\/strong> en <strong>Philippe Vande Weghe<\/strong>.<br \/>\nHerneming met: <strong>Pierre Decuypere, Jan Daems<\/strong> en <strong>Benji Bernard<\/strong><br \/>\nRegie : <strong>Louis Spagna<\/strong><br \/>\nLichtontwerp: <strong>Stef de Strooper<\/strong><br \/>\nKostuumontwerp: <strong>France Lamboray<\/strong> en <strong>Sylvie van Loo<\/strong><br \/>\n[\/et_pb_accordion_item][et_pb_accordion_item title=\u00a0\u00bbFoto\u00a0\u00bb _builder_version=\u00a0\u00bb4.9.4&Prime; hover_enabled=\u00a0\u00bb0&Prime; open=\u00a0\u00bboff\u00a0\u00bb sticky_enabled=\u00a0\u00bb0&Prime;]<\/p>\n<p><img loading=\"lazy\" decoding=\"async\" class=\"wp-image-2276 alignnone size-medium\" src=\"https:\/\/www.argonautes.be\/wp-content\/uploads\/2018\/12\/zouff_001-204x300.jpg\" alt=\"\" width=\"204\" height=\"300\" srcset=\"https:\/\/www.argonautes.be\/wp-content\/uploads\/2018\/12\/zouff_001-204x300.jpg 204w, https:\/\/www.argonautes.be\/wp-content\/uploads\/2018\/12\/zouff_001.jpg 272w\" sizes=\"(max-width: 204px) 100vw, 204px\" \/> <img loading=\"lazy\" decoding=\"async\" class=\"wp-image-2280 alignnone size-medium\" src=\"https:\/\/www.argonautes.be\/wp-content\/uploads\/2018\/12\/zouff_100-300x200.jpg\" alt=\"\" width=\"300\" height=\"200\" srcset=\"https:\/\/www.argonautes.be\/wp-content\/uploads\/2018\/12\/zouff_100-300x200.jpg 300w, https:\/\/www.argonautes.be\/wp-content\/uploads\/2018\/12\/zouff_100.jpg 600w\" sizes=\"(max-width: 300px) 100vw, 300px\" \/> <img loading=\"lazy\" decoding=\"async\" class=\"wp-image-2284 alignnone size-medium\" src=\"https:\/\/www.argonautes.be\/wp-content\/uploads\/2018\/12\/zouff_090-300x200.jpg\" alt=\"\" width=\"300\" height=\"200\" srcset=\"https:\/\/www.argonautes.be\/wp-content\/uploads\/2018\/12\/zouff_090-300x200.jpg 300w, https:\/\/www.argonautes.be\/wp-content\/uploads\/2018\/12\/zouff_090.jpg 600w\" sizes=\"(max-width: 300px) 100vw, 300px\" \/> <img loading=\"lazy\" decoding=\"async\" class=\"wp-image-2288 alignnone size-medium\" src=\"https:\/\/www.argonautes.be\/wp-content\/uploads\/2018\/12\/zouff_035-300x200.jpg\" alt=\"\" width=\"300\" height=\"200\" srcset=\"https:\/\/www.argonautes.be\/wp-content\/uploads\/2018\/12\/zouff_035-300x200.jpg 300w, https:\/\/www.argonautes.be\/wp-content\/uploads\/2018\/12\/zouff_035.jpg 550w\" sizes=\"(max-width: 300px) 100vw, 300px\" \/> <img loading=\"lazy\" decoding=\"async\" class=\"wp-image-2292 alignnone size-medium\" src=\"https:\/\/www.argonautes.be\/wp-content\/uploads\/2018\/12\/zouff_033-300x206.jpg\" alt=\"\" width=\"300\" height=\"206\" srcset=\"https:\/\/www.argonautes.be\/wp-content\/uploads\/2018\/12\/zouff_033-300x206.jpg 300w, https:\/\/www.argonautes.be\/wp-content\/uploads\/2018\/12\/zouff_033.jpg 600w\" sizes=\"(max-width: 300px) 100vw, 300px\" \/> <img loading=\"lazy\" decoding=\"async\" class=\"wp-image-2296 alignnone size-medium\" src=\"https:\/\/www.argonautes.be\/wp-content\/uploads\/2018\/12\/zouff_032-300x200.jpg\" alt=\"\" width=\"300\" height=\"200\" srcset=\"https:\/\/www.argonautes.be\/wp-content\/uploads\/2018\/12\/zouff_032-300x200.jpg 300w, https:\/\/www.argonautes.be\/wp-content\/uploads\/2018\/12\/zouff_032.jpg 600w\" sizes=\"(max-width: 300px) 100vw, 300px\" \/> <img loading=\"lazy\" decoding=\"async\" class=\"wp-image-2300 alignnone size-medium\" src=\"https:\/\/www.argonautes.be\/wp-content\/uploads\/2018\/12\/zouff_031-200x300.jpg\" alt=\"\" width=\"200\" height=\"300\" srcset=\"https:\/\/www.argonautes.be\/wp-content\/uploads\/2018\/12\/zouff_031-200x300.jpg 200w, https:\/\/www.argonautes.be\/wp-content\/uploads\/2018\/12\/zouff_031.jpg 427w\" sizes=\"(max-width: 200px) 100vw, 200px\" \/> <img loading=\"lazy\" decoding=\"async\" class=\"wp-image-2304 alignnone size-medium\" src=\"https:\/\/www.argonautes.be\/wp-content\/uploads\/2018\/12\/zouff_030-197x300.jpg\" alt=\"\" width=\"197\" height=\"300\" srcset=\"https:\/\/www.argonautes.be\/wp-content\/uploads\/2018\/12\/zouff_030-197x300.jpg 197w, https:\/\/www.argonautes.be\/wp-content\/uploads\/2018\/12\/zouff_030.jpg 262w\" sizes=\"(max-width: 197px) 100vw, 197px\" \/> <img loading=\"lazy\" decoding=\"async\" class=\"wp-image-2308 alignnone size-medium\" src=\"https:\/\/www.argonautes.be\/wp-content\/uploads\/2018\/12\/zouff_025-300x201.jpg\" alt=\"\" width=\"300\" height=\"201\" srcset=\"https:\/\/www.argonautes.be\/wp-content\/uploads\/2018\/12\/zouff_025-300x201.jpg 300w, https:\/\/www.argonautes.be\/wp-content\/uploads\/2018\/12\/zouff_025.jpg 600w\" sizes=\"(max-width: 300px) 100vw, 300px\" \/> <img loading=\"lazy\" decoding=\"async\" class=\"wp-image-2312 alignnone size-medium\" src=\"https:\/\/www.argonautes.be\/wp-content\/uploads\/2018\/12\/zouff_024-300x199.jpg\" alt=\"\" width=\"300\" height=\"199\" srcset=\"https:\/\/www.argonautes.be\/wp-content\/uploads\/2018\/12\/zouff_024-300x199.jpg 300w, https:\/\/www.argonautes.be\/wp-content\/uploads\/2018\/12\/zouff_024.jpg 600w\" sizes=\"(max-width: 300px) 100vw, 300px\" \/> <img loading=\"lazy\" decoding=\"async\" class=\"wp-image-2316 alignnone size-medium\" src=\"https:\/\/www.argonautes.be\/wp-content\/uploads\/2018\/12\/zouff_023-300x201.jpg\" alt=\"\" width=\"300\" height=\"201\" srcset=\"https:\/\/www.argonautes.be\/wp-content\/uploads\/2018\/12\/zouff_023-300x201.jpg 300w, https:\/\/www.argonautes.be\/wp-content\/uploads\/2018\/12\/zouff_023.jpg 600w\" sizes=\"(max-width: 300px) 100vw, 300px\" \/> <img loading=\"lazy\" decoding=\"async\" class=\"wp-image-2320 alignnone size-medium\" src=\"https:\/\/www.argonautes.be\/wp-content\/uploads\/2018\/12\/zouff_020-210x300.jpg\" alt=\"\" width=\"210\" height=\"300\" srcset=\"https:\/\/www.argonautes.be\/wp-content\/uploads\/2018\/12\/zouff_020-210x300.jpg 210w, https:\/\/www.argonautes.be\/wp-content\/uploads\/2018\/12\/zouff_020.jpg 280w\" sizes=\"(max-width: 210px) 100vw, 210px\" \/> <img loading=\"lazy\" decoding=\"async\" class=\"wp-image-2324 alignnone size-medium\" src=\"https:\/\/www.argonautes.be\/wp-content\/uploads\/2018\/12\/zouff_015-200x300.jpg\" alt=\"\" width=\"200\" height=\"300\" srcset=\"https:\/\/www.argonautes.be\/wp-content\/uploads\/2018\/12\/zouff_015-200x300.jpg 200w, https:\/\/www.argonautes.be\/wp-content\/uploads\/2018\/12\/zouff_015.jpg 266w\" sizes=\"(max-width: 200px) 100vw, 200px\" \/> <img loading=\"lazy\" decoding=\"async\" class=\"wp-image-2328 alignnone size-medium\" src=\"https:\/\/www.argonautes.be\/wp-content\/uploads\/2018\/12\/zouff_010-300x229.jpg\" alt=\"\" width=\"300\" height=\"229\" srcset=\"https:\/\/www.argonautes.be\/wp-content\/uploads\/2018\/12\/zouff_010-300x229.jpg 300w, https:\/\/www.argonautes.be\/wp-content\/uploads\/2018\/12\/zouff_010.jpg 600w\" sizes=\"(max-width: 300px) 100vw, 300px\" \/><br \/>foto&rsquo;s : Patrick Guillou<\/p>\n<p>[\/et_pb_accordion_item][et_pb_accordion_item title=\u00a0\u00bbVideo\u00a0\u00bb _builder_version=\u00a0\u00bb3.17.6&Prime; open=\u00a0\u00bboff\u00a0\u00bb][\/et_pb_accordion_item][et_pb_accordion_item title=\u00a0\u00bbPers\u00a0\u00bb _builder_version=\u00a0\u00bb3.17.6&Prime; open=\u00a0\u00bboff\u00a0\u00bb]Zouff ! C&rsquo;est le silence, la dext\u00e9rit\u00e9, l&rsquo;\u00e9motion des gestes, le plaisir des yeux.<\/p>\n<p>24 Heures, juillet 1998<\/p>\n<p>    If you have kids (or even if you don&rsquo;t) and only go to two show these year, see  Zouff ! twice  !<\/p>\n<p>The Ottawa citizen, june 2002<br \/>\n[\/et_pb_accordion_item][\/et_pb_accordion][\/et_pb_column][\/et_pb_row][\/et_pb_section]<\/p>\n","protected":false},"excerpt":{"rendered":"<p><div class=\"menu-menu-langues-fr-container\"><ul id=\"menu-menu-langues-fr-1\" class=\"menu_lang\"><li class=\"menu-item menu-item-type-custom menu-item-object-custom menu-item-174\"><a href=\"#pll_switcher\">Langues<\/a><\/li>\n<li class=\"menu-item menu-item-type-custom menu-item-object-custom menu-item-179\"><a href=\"https:\/\/www.facebook.com\/Les-Argonautes-130898313591096\/?__tn__=%2CdK*F-R&#038;eid=ARDqHPWnhRdTVSWiF2imUcUeGv8Epa7cbpTkegO5o_o6wVhzRMmbH7W0bByMfUDzP3-OljLAz821wIEc\">\u00a0<\/a><\/li>\n<\/ul><\/div> <div class=\"menu-menu-principal-fr-container\"><ul id=\"menu-menu-principal-fr-1\" class=\"menu_custom\"><li class=\"menu-item menu-item-type-post_type menu-item-object-page menu-item-home menu-item-136\"><a href=\"https:\/\/www.argonautes.be\/\">Accueil<\/a><\/li>\n<li class=\"menu-item menu-item-type-post_type menu-item-object-page menu-item-135\"><a href=\"https:\/\/www.argonautes.be\/index.php\/compagnie\">Compagnie<\/a><\/li>\n<li class=\"menu-item menu-item-type-custom menu-item-object-custom menu-item-has-children menu-item-137\"><a href=\"#\">Spectacles<\/a>\n<ul class=\"sub-menu\">\n\t<li class=\"menu-item menu-item-type-post_type menu-item-object-page menu-item-2718\"><a href=\"https:\/\/www.argonautes.be\/index.php\/compagnie\/kano\">KANO<span>en tourn\u00e9e<\/span><\/a><\/li>\n\t<li class=\"menu-item menu-item-type-post_type menu-item-object-page menu-item-4405\"><a href=\"https:\/\/www.argonautes.be\/index.php\/compagnie\/claque\">CLASH<span>en cr\u00e9ation<\/span><\/a><\/li>\n\t<li class=\"menu-item menu-item-type-post_type menu-item-object-page menu-item-2740\"><a href=\"https:\/\/www.argonautes.be\/index.php\/compagnie\/foire-aux-monstres\">Une Foire aux monstres<span>archive<\/span><\/a><\/li>\n\t<li class=\"menu-item menu-item-type-post_type menu-item-object-page menu-item-215\"><a href=\"https:\/\/www.argonautes.be\/index.php\/compagnie\/lhomme-qui-marche\">L&rsquo;Homme qui marche <span>archive<\/span><\/a><\/li>\n\t<li class=\"menu-item menu-item-type-post_type menu-item-object-page menu-item-2597\"><a href=\"https:\/\/www.argonautes.be\/index.php\/compagnie\/conversation-avec-la-pierre\">Conversation avec la pierre<span>archive<\/span><\/a><\/li>\n\t<li class=\"menu-item menu-item-type-post_type menu-item-object-page menu-item-1222\"><a href=\"https:\/\/www.argonautes.be\/index.php\/compagnie\/manneken-cirk\">Manneken Cirk<span>archive<\/span><\/a><\/li>\n\t<li class=\"menu-item menu-item-type-post_type menu-item-object-page menu-item-1550\"><a href=\"https:\/\/www.argonautes.be\/index.php\/compagnie\/entre-deux-2\">Entre d&rsquo;Eux<span>archive<\/span><\/a><\/li>\n\t<li class=\"menu-item menu-item-type-post_type menu-item-object-page menu-item-210\"><a href=\"https:\/\/www.argonautes.be\/index.php\/compagnie\/solo-due\">Solo due <span>archive<\/span><\/a><\/li>\n\t<li class=\"menu-item menu-item-type-post_type menu-item-object-page menu-item-630\"><a href=\"https:\/\/www.argonautes.be\/index.php\/compagnie\/pas-perdus\">Pas Perdus<span>archive<\/span><\/a><\/li>\n\t<li class=\"menu-item menu-item-type-post_type menu-item-object-page menu-item-638\"><a href=\"https:\/\/www.argonautes.be\/index.php\/compagnie\/le-principe-dincertitude\">Le Principe d&rsquo;Incertitude<span>archive<\/span><\/a><\/li>\n\t<li class=\"menu-item menu-item-type-post_type menu-item-object-page menu-item-610\"><a href=\"https:\/\/www.argonautes.be\/index.php\/compagnie\/la-fleur-vide\">La Fleur Vide<span>archive<\/span><\/a><\/li>\n\t<li class=\"menu-item menu-item-type-post_type menu-item-object-page menu-item-672\"><a href=\"https:\/\/www.argonautes.be\/index.php\/compagnie\/zouff\">Zouff !<span>archive<\/span><\/a><\/li>\n\t<li class=\"menu-item menu-item-type-post_type menu-item-object-page menu-item-655\"><a href=\"https:\/\/www.argonautes.be\/index.php\/compagnie\/la-toison-dorgue\">La Toison d&rsquo;Orgue<span>archive<\/span><\/a><\/li>\n<\/ul>\n<\/li>\n<li class=\"menu-item menu-item-type-post_type menu-item-object-page menu-item-3296\"><a href=\"https:\/\/www.argonautes.be\/index.php\/agenda\">Agenda<\/a><\/li>\n<li class=\"menu-item menu-item-type-post_type menu-item-object-page menu-item-133\"><a href=\"https:\/\/www.argonautes.be\/index.php\/contact\">Contact<\/a><\/li>\n<li class=\"menu-item menu-item-type-post_type menu-item-object-page menu-item-132\"><a href=\"https:\/\/www.argonautes.be\/index.php\/liens\">Liens<\/a><\/li>\n<\/ul><\/div> Cinq personnages, dont l&rsquo;improbabilit\u00e9 n&rsquo;a d&rsquo;\u00e9gal que la douce folie, pr\u00e9sentent \u00ab\u00a0Zouff!\u00a0\u00bb, un spectacle son, lumi\u00e8re et faits sp\u00e9ciaux, o\u00f9 la d\u00e9rision c\u00f4toie l&rsquo;absurde, la po\u00e9sie et la [&hellip;]<\/p>\n","protected":false},"author":1,"featured_media":0,"parent":79,"menu_order":0,"comment_status":"closed","ping_status":"closed","template":"","meta":{"_et_pb_use_builder":"on","_et_pb_old_content":"","_et_gb_content_width":"","ngg_post_thumbnail":0,"footnotes":""},"class_list":["post-658","page","type-page","status-publish","hentry"],"_links":{"self":[{"href":"https:\/\/www.argonautes.be\/index.php\/wp-json\/wp\/v2\/pages\/658","targetHints":{"allow":["GET"]}}],"collection":[{"href":"https:\/\/www.argonautes.be\/index.php\/wp-json\/wp\/v2\/pages"}],"about":[{"href":"https:\/\/www.argonautes.be\/index.php\/wp-json\/wp\/v2\/types\/page"}],"author":[{"embeddable":true,"href":"https:\/\/www.argonautes.be\/index.php\/wp-json\/wp\/v2\/users\/1"}],"replies":[{"embeddable":true,"href":"https:\/\/www.argonautes.be\/index.php\/wp-json\/wp\/v2\/comments?post=658"}],"version-history":[{"count":11,"href":"https:\/\/www.argonautes.be\/index.php\/wp-json\/wp\/v2\/pages\/658\/revisions"}],"predecessor-version":[{"id":2346,"href":"https:\/\/www.argonautes.be\/index.php\/wp-json\/wp\/v2\/pages\/658\/revisions\/2346"}],"up":[{"embeddable":true,"href":"https:\/\/www.argonautes.be\/index.php\/wp-json\/wp\/v2\/pages\/79"}],"wp:attachment":[{"href":"https:\/\/www.argonautes.be\/index.php\/wp-json\/wp\/v2\/media?parent=658"}],"curies":[{"name":"wp","href":"https:\/\/api.w.org\/{rel}","templated":true}]}}