{"id":88,"date":"2018-11-22T16:56:25","date_gmt":"2018-11-22T15:56:25","guid":{"rendered":"http:\/\/www.argonautes.be\/?page_id=88"},"modified":"2024-12-05T12:07:58","modified_gmt":"2024-12-05T11:07:58","slug":"solo-due-en","status":"publish","type":"page","link":"https:\/\/www.argonautes.be\/index.php\/en\/company\/solo-due-en","title":{"rendered":"Solo Due"},"content":{"rendered":"<p>[et_pb_section fb_built=\u00a0\u00bb1&Prime; _builder_version=\u00a0\u00bb4.16&Prime; background_image=\u00a0\u00bbhttps:\/\/www.argonautes.be\/wp-content\/uploads\/2018\/12\/solodue_spec.jpg\u00a0\u00bb global_colors_info=\u00a0\u00bb{}\u00a0\u00bb][et_pb_row column_structure=\u00a0\u00bb3_4,1_4&Prime; module_class=\u00a0\u00bbcadre_banniere\u00a0\u00bb _builder_version=\u00a0\u00bb4.16&Prime; global_colors_info=\u00a0\u00bb{}\u00a0\u00bb][et_pb_column type=\u00a0\u00bb3_4&Prime; _builder_version=\u00a0\u00bb4.16&Prime; custom_padding=\u00a0\u00bb|||\u00a0\u00bb global_colors_info=\u00a0\u00bb{}\u00a0\u00bb custom_padding__hover=\u00a0\u00bb|||\u00a0\u00bb][et_pb_image src=\u00a0\u00bbhttps:\/\/www.argonautes.be\/wp-content\/uploads\/2018\/12\/logo_argo_solodue.png\u00a0\u00bb align_tablet=\u00a0\u00bbcenter\u00a0\u00bb align_phone=\u00a0\u00bb\u00a0\u00bb align_last_edited=\u00a0\u00bbon|desktop\u00a0\u00bb admin_label=\u00a0\u00bbImage Logo\u00a0\u00bb _builder_version=\u00a0\u00bb4.16&Prime; global_colors_info=\u00a0\u00bb{}\u00a0\u00bb][\/et_pb_image][\/et_pb_column][et_pb_column type=\u00a0\u00bb1_4&Prime; _builder_version=\u00a0\u00bb4.16&Prime; custom_padding=\u00a0\u00bb|||\u00a0\u00bb global_colors_info=\u00a0\u00bb{}\u00a0\u00bb custom_padding__hover=\u00a0\u00bb|||\u00a0\u00bb][et_pb_text admin_label=\u00a0\u00bbTexte Menu langues + Fb\u00a0\u00bb _builder_version=\u00a0\u00bb4.16&Prime; global_colors_info=\u00a0\u00bb{}\u00a0\u00bb]<\/p>\n<div class=\"menu-menu-langues-fr-container\"><ul id=\"menu-menu-langues-fr\" class=\"menu_lang\"><li id=\"menu-item-174\" class=\"menu-item menu-item-type-custom menu-item-object-custom menu-item-174\"><a href=\"#pll_switcher\">Langues<\/a><\/li>\n<li id=\"menu-item-179\" class=\"menu-item menu-item-type-custom menu-item-object-custom menu-item-179\"><a href=\"https:\/\/www.facebook.com\/Les-Argonautes-130898313591096\/?__tn__=%2CdK*F-R&#038;eid=ARDqHPWnhRdTVSWiF2imUcUeGv8Epa7cbpTkegO5o_o6wVhzRMmbH7W0bByMfUDzP3-OljLAz821wIEc\">\u00a0<\/a><\/li>\n<\/ul><\/div>\n<p>[\/et_pb_text][\/et_pb_column][\/et_pb_row][et_pb_row module_class=\u00a0\u00bbcadre_contenu_test\u00a0\u00bb _builder_version=\u00a0\u00bb4.16&Prime; background_color=\u00a0\u00bbrgba(74,49,53,0.55)\u00a0\u00bb global_colors_info=\u00a0\u00bb{}\u00a0\u00bb][et_pb_column type=\u00a0\u00bb4_4&Prime; _builder_version=\u00a0\u00bb4.16&Prime; custom_padding=\u00a0\u00bb|||\u00a0\u00bb global_colors_info=\u00a0\u00bb{}\u00a0\u00bb custom_padding__hover=\u00a0\u00bb|||\u00a0\u00bb][et_pb_text admin_label=\u00a0\u00bbTexte Menu principal\u00a0\u00bb _builder_version=\u00a0\u00bb4.16&Prime; global_colors_info=\u00a0\u00bb{}\u00a0\u00bb]<\/p>\n<div class=\"menu-menu-principal-fr-container\"><ul id=\"menu-menu-principal-fr\" class=\"menu_custom\"><li id=\"menu-item-136\" class=\"menu-item menu-item-type-post_type menu-item-object-page menu-item-home menu-item-136\"><a href=\"https:\/\/www.argonautes.be\/\">Accueil<\/a><\/li>\n<li id=\"menu-item-135\" class=\"menu-item menu-item-type-post_type menu-item-object-page menu-item-135\"><a href=\"https:\/\/www.argonautes.be\/index.php\/compagnie\">Compagnie<\/a><\/li>\n<li id=\"menu-item-137\" class=\"menu-item menu-item-type-custom menu-item-object-custom menu-item-has-children menu-item-137\"><a href=\"#\">Spectacles<\/a>\n<ul class=\"sub-menu\">\n\t<li id=\"menu-item-2718\" class=\"menu-item menu-item-type-post_type menu-item-object-page menu-item-2718\"><a href=\"https:\/\/www.argonautes.be\/index.php\/compagnie\/kano\">KANO<span>en tourn\u00e9e<\/span><\/a><\/li>\n\t<li id=\"menu-item-4405\" class=\"menu-item menu-item-type-post_type menu-item-object-page menu-item-4405\"><a href=\"https:\/\/www.argonautes.be\/index.php\/compagnie\/claque\">CLASH<span>en cr\u00e9ation<\/span><\/a><\/li>\n\t<li id=\"menu-item-2740\" class=\"menu-item menu-item-type-post_type menu-item-object-page menu-item-2740\"><a href=\"https:\/\/www.argonautes.be\/index.php\/compagnie\/foire-aux-monstres\">Une Foire aux monstres<span>archive<\/span><\/a><\/li>\n\t<li id=\"menu-item-215\" class=\"menu-item menu-item-type-post_type menu-item-object-page menu-item-215\"><a href=\"https:\/\/www.argonautes.be\/index.php\/compagnie\/lhomme-qui-marche\">L&rsquo;Homme qui marche <span>archive<\/span><\/a><\/li>\n\t<li id=\"menu-item-2597\" class=\"menu-item menu-item-type-post_type menu-item-object-page menu-item-2597\"><a href=\"https:\/\/www.argonautes.be\/index.php\/compagnie\/conversation-avec-la-pierre\">Conversation avec la pierre<span>archive<\/span><\/a><\/li>\n\t<li id=\"menu-item-1222\" class=\"menu-item menu-item-type-post_type menu-item-object-page menu-item-1222\"><a href=\"https:\/\/www.argonautes.be\/index.php\/compagnie\/manneken-cirk\">Manneken Cirk<span>archive<\/span><\/a><\/li>\n\t<li id=\"menu-item-1550\" class=\"menu-item menu-item-type-post_type menu-item-object-page menu-item-1550\"><a href=\"https:\/\/www.argonautes.be\/index.php\/compagnie\/entre-deux-2\">Entre d&rsquo;Eux<span>archive<\/span><\/a><\/li>\n\t<li id=\"menu-item-210\" class=\"menu-item menu-item-type-post_type menu-item-object-page menu-item-210\"><a href=\"https:\/\/www.argonautes.be\/index.php\/compagnie\/solo-due\">Solo due <span>archive<\/span><\/a><\/li>\n\t<li id=\"menu-item-630\" class=\"menu-item menu-item-type-post_type menu-item-object-page menu-item-630\"><a href=\"https:\/\/www.argonautes.be\/index.php\/compagnie\/pas-perdus\">Pas Perdus<span>archive<\/span><\/a><\/li>\n\t<li id=\"menu-item-638\" class=\"menu-item menu-item-type-post_type menu-item-object-page menu-item-638\"><a href=\"https:\/\/www.argonautes.be\/index.php\/compagnie\/le-principe-dincertitude\">Le Principe d&rsquo;Incertitude<span>archive<\/span><\/a><\/li>\n\t<li id=\"menu-item-610\" class=\"menu-item menu-item-type-post_type menu-item-object-page menu-item-610\"><a href=\"https:\/\/www.argonautes.be\/index.php\/compagnie\/la-fleur-vide\">La Fleur Vide<span>archive<\/span><\/a><\/li>\n\t<li id=\"menu-item-672\" class=\"menu-item menu-item-type-post_type menu-item-object-page menu-item-672\"><a href=\"https:\/\/www.argonautes.be\/index.php\/compagnie\/zouff\">Zouff !<span>archive<\/span><\/a><\/li>\n\t<li id=\"menu-item-655\" class=\"menu-item menu-item-type-post_type menu-item-object-page menu-item-655\"><a href=\"https:\/\/www.argonautes.be\/index.php\/compagnie\/la-toison-dorgue\">La Toison d&rsquo;Orgue<span>archive<\/span><\/a><\/li>\n<\/ul>\n<\/li>\n<li id=\"menu-item-3296\" class=\"menu-item menu-item-type-post_type menu-item-object-page menu-item-3296\"><a href=\"https:\/\/www.argonautes.be\/index.php\/agenda\">Agenda<\/a><\/li>\n<li id=\"menu-item-133\" class=\"menu-item menu-item-type-post_type menu-item-object-page menu-item-133\"><a href=\"https:\/\/www.argonautes.be\/index.php\/contact\">Contact<\/a><\/li>\n<li id=\"menu-item-132\" class=\"menu-item menu-item-type-post_type menu-item-object-page menu-item-132\"><a href=\"https:\/\/www.argonautes.be\/index.php\/liens\">Liens<\/a><\/li>\n<\/ul><\/div>\n<p>[\/et_pb_text][et_pb_accordion admin_label=\u00a0\u00bbAccord\u00e9on Titre spectacle\u00a0\u00bb _builder_version=\u00a0\u00bb4.27.2&Prime; hover_enabled=\u00a0\u00bb0&Prime; global_colors_info=\u00a0\u00bb{}\u00a0\u00bb sticky_enabled=\u00a0\u00bb0&Prime;][et_pb_accordion_item title=\u00a0\u00bbSolo due\u00a0\u00bb open=\u00a0\u00bbon\u00a0\u00bb _builder_version=\u00a0\u00bb4.27.2&Prime; hover_enabled=\u00a0\u00bb0&Prime; global_colors_info=\u00a0\u00bb{}\u00a0\u00bb sticky_enabled=\u00a0\u00bb0&Prime;]<\/p>\n<p>&nbsp;<\/p>\n<p><img loading=\"lazy\" decoding=\"async\" class=\"alignleft wp-image-1164 size-full\" src=\"https:\/\/www.argonautes.be\/wp-content\/uploads\/2018\/12\/solodue_affiche-1.jpg\" alt=\"\" width=\"247\" height=\"350\" srcset=\"https:\/\/www.argonautes.be\/wp-content\/uploads\/2018\/12\/solodue_affiche-1.jpg 247w, https:\/\/www.argonautes.be\/wp-content\/uploads\/2018\/12\/solodue_affiche-1-212x300.jpg 212w\" sizes=\"(max-width: 247px) 100vw, 247px\" \/><\/p>\n<p>Everything is alright.<br \/>Oh, yes, I know<br \/>There are cracks in my reasoning &#8211;<br \/>And I suddenly ask myself :<br \/>am I the same on either side of the crack ?<\/p>\n<p>That&rsquo;s disturbing.<br \/>To think that I&rsquo;m not continuous.<br \/>I took my violin. But I wasn&rsquo;t really sure it was me who was playing.<br \/>As if I wasn&rsquo;t alone in that music.<br \/>And I suddenly ask myself :<br \/>the gap between two notes,<br \/>that&rsquo;s part of the silence or of the music ?<\/p>\n<p>It&rsquo;s disturbing.<br \/>Because we recognise ourselves much better<br \/>in these cracks, rather than as entities,<br \/>you see.<br \/>That&rsquo;s us. Our spitting image.<br \/>We are all seperated.<\/p>\n<p>There are cracks in everything. That&rsquo;s how the light comes in.<\/p>\n<p>&nbsp;<\/p>\n<p>[\/et_pb_accordion_item][et_pb_accordion_item title=\u00a0\u00bbCredits\u00a0\u00bb _builder_version=\u00a0\u00bb4.16&Prime; global_colors_info=\u00a0\u00bb{}\u00a0\u00bb open=\u00a0\u00bboff\u00a0\u00bb]By and with : <strong>Be<strong>nji Bernard<\/strong> and <strong>Etienne Borel<\/strong><br \/>\nDirected by : <\/strong>Louis Spagna<br \/>\nLight design : <strong>Anne Straetmans<\/strong><br \/>\nTechnique : <strong>Geoffroy de Hasque<\/strong><br \/>\nCostum design : <strong>Natalia Fandi\u00f1o<\/strong><\/p>\n<p>With the cooperative support of La Roseraie (Brussels), who have been hosting the Argonauts in-house since 1998. With the complicity of the Cultural Centre Jacques Franck and the support of the respective cultural centers of Braine l&rsquo;Alleud, of Eghez\u00e9e (Ecrin), of Evergem, of Knokke-Heist, of Lokeren, of Ternat (De Ploter), of Vilvoorde ( Het Bolwerk), of Waregem (De Schakel), of the Cultural Centre of Tournai and of Latitude 50 \u2013 section circus performing arts. With the help of the Circus, Fairground and Street Performances section of the Wallonia-Brussels Federation.<br \/>\n[\/et_pb_accordion_item][et_pb_accordion_item title=\u00a0\u00bbPhoto\u00a0\u00bb _builder_version=\u00a0\u00bb4.16&Prime; global_colors_info=\u00a0\u00bb{}\u00a0\u00bb open=\u00a0\u00bboff\u00a0\u00bb]<ul class=\"et_post_gallery clearfix\">\n\t\t\t\t\t<li class=\"et_gallery_item et_pb_gallery_image\">\n\t\t\t\t\t\t<a href=\"https:\/\/www.argonautes.be\/wp-content\/uploads\/2018\/12\/solodue_2-2.jpg\" title=\"solodue_2\">\n\t\t\t\t\t\t\t<span class=\"et_portfolio_image\">\n\t\t\t\t\t\t\t\t<img loading=\"lazy\" decoding=\"async\" width=\"400\" height=\"284\" src=\"https:\/\/www.argonautes.be\/wp-content\/uploads\/2018\/12\/solodue_2-2-400x284.jpg\" class=\"attachment-et-pb-portfolio-image size-et-pb-portfolio-image\" alt=\"\" \/>\n\t\t\t\t\t\t\t\t<span class=\"et_overlay\"><\/span>\n\t\t\t\t\t\t\t<\/span>\n\t\t\t\t\t\t<\/a>\n\t\t\t\t\t\t\n\t\t\t\t\t<\/li><li class=\"et_gallery_item et_pb_gallery_image\">\n\t\t\t\t\t\t<a href=\"https:\/\/www.argonautes.be\/wp-content\/uploads\/2018\/12\/solodue_1-2.jpg\" title=\"solodue_1\">\n\t\t\t\t\t\t\t<span class=\"et_portfolio_image\">\n\t\t\t\t\t\t\t\t<img loading=\"lazy\" decoding=\"async\" width=\"400\" height=\"284\" src=\"https:\/\/www.argonautes.be\/wp-content\/uploads\/2018\/12\/solodue_1-2-400x284.jpg\" class=\"attachment-et-pb-portfolio-image size-et-pb-portfolio-image\" alt=\"\" \/>\n\t\t\t\t\t\t\t\t<span class=\"et_overlay\"><\/span>\n\t\t\t\t\t\t\t<\/span>\n\t\t\t\t\t\t<\/a>\n\t\t\t\t\t\t\n\t\t\t\t\t<\/li><li class=\"et_gallery_item et_pb_gallery_image\">\n\t\t\t\t\t\t<a href=\"https:\/\/www.argonautes.be\/wp-content\/uploads\/2018\/12\/solodue_7.jpg\" title=\"solodue_7\">\n\t\t\t\t\t\t\t<span class=\"et_portfolio_image\">\n\t\t\t\t\t\t\t\t<img loading=\"lazy\" decoding=\"async\" width=\"400\" height=\"284\" src=\"https:\/\/www.argonautes.be\/wp-content\/uploads\/2018\/12\/solodue_7-400x284.jpg\" class=\"attachment-et-pb-portfolio-image size-et-pb-portfolio-image\" alt=\"\" \/>\n\t\t\t\t\t\t\t\t<span class=\"et_overlay\"><\/span>\n\t\t\t\t\t\t\t<\/span>\n\t\t\t\t\t\t<\/a>\n\t\t\t\t\t\t\n\t\t\t\t\t<\/li><li class=\"et_gallery_item et_pb_gallery_image\">\n\t\t\t\t\t\t<a href=\"https:\/\/www.argonautes.be\/wp-content\/uploads\/2018\/12\/solodue_6.jpg\" title=\"solodue_6\">\n\t\t\t\t\t\t\t<span class=\"et_portfolio_image\">\n\t\t\t\t\t\t\t\t<img loading=\"lazy\" decoding=\"async\" width=\"400\" height=\"284\" src=\"https:\/\/www.argonautes.be\/wp-content\/uploads\/2018\/12\/solodue_6-400x284.jpg\" class=\"attachment-et-pb-portfolio-image size-et-pb-portfolio-image\" alt=\"\" \/>\n\t\t\t\t\t\t\t\t<span class=\"et_overlay\"><\/span>\n\t\t\t\t\t\t\t<\/span>\n\t\t\t\t\t\t<\/a>\n\t\t\t\t\t\t\n\t\t\t\t\t<\/li><li class=\"et_gallery_item et_pb_gallery_image\">\n\t\t\t\t\t\t<a href=\"https:\/\/www.argonautes.be\/wp-content\/uploads\/2018\/12\/solodue_5.jpg\" title=\"solodue_5\">\n\t\t\t\t\t\t\t<span class=\"et_portfolio_image\">\n\t\t\t\t\t\t\t\t<img loading=\"lazy\" decoding=\"async\" width=\"400\" height=\"284\" src=\"https:\/\/www.argonautes.be\/wp-content\/uploads\/2018\/12\/solodue_5-400x284.jpg\" class=\"attachment-et-pb-portfolio-image size-et-pb-portfolio-image\" alt=\"\" \/>\n\t\t\t\t\t\t\t\t<span class=\"et_overlay\"><\/span>\n\t\t\t\t\t\t\t<\/span>\n\t\t\t\t\t\t<\/a>\n\t\t\t\t\t\t\n\t\t\t\t\t<\/li><li class=\"et_gallery_item et_pb_gallery_image\">\n\t\t\t\t\t\t<a href=\"https:\/\/www.argonautes.be\/wp-content\/uploads\/2018\/12\/solodue_4-2.jpg\" title=\"solodue_4\">\n\t\t\t\t\t\t\t<span class=\"et_portfolio_image\">\n\t\t\t\t\t\t\t\t<img loading=\"lazy\" decoding=\"async\" width=\"400\" height=\"284\" src=\"https:\/\/www.argonautes.be\/wp-content\/uploads\/2018\/12\/solodue_4-2-400x284.jpg\" class=\"attachment-et-pb-portfolio-image size-et-pb-portfolio-image\" alt=\"\" \/>\n\t\t\t\t\t\t\t\t<span class=\"et_overlay\"><\/span>\n\t\t\t\t\t\t\t<\/span>\n\t\t\t\t\t\t<\/a>\n\t\t\t\t\t\t\n\t\t\t\t\t<\/li><li class=\"et_gallery_item et_pb_gallery_image\">\n\t\t\t\t\t\t<a href=\"https:\/\/www.argonautes.be\/wp-content\/uploads\/2018\/12\/solodue_3-2.jpg\" title=\"solodue_3\">\n\t\t\t\t\t\t\t<span class=\"et_portfolio_image\">\n\t\t\t\t\t\t\t\t<img loading=\"lazy\" decoding=\"async\" width=\"400\" height=\"284\" src=\"https:\/\/www.argonautes.be\/wp-content\/uploads\/2018\/12\/solodue_3-2-400x284.jpg\" class=\"attachment-et-pb-portfolio-image size-et-pb-portfolio-image\" alt=\"\" \/>\n\t\t\t\t\t\t\t\t<span class=\"et_overlay\"><\/span>\n\t\t\t\t\t\t\t<\/span>\n\t\t\t\t\t\t<\/a>\n\t\t\t\t\t\t\n\t\t\t\t\t<\/li><li class=\"et_gallery_item et_pb_gallery_image\">\n\t\t\t\t\t\t<a href=\"https:\/\/www.argonautes.be\/wp-content\/uploads\/2018\/12\/pi_2.jpg\" title=\"pi_2\">\n\t\t\t\t\t\t\t<span class=\"et_portfolio_image\">\n\t\t\t\t\t\t\t\t<img loading=\"lazy\" decoding=\"async\" width=\"400\" height=\"284\" src=\"https:\/\/www.argonautes.be\/wp-content\/uploads\/2018\/12\/pi_2-400x284.jpg\" class=\"attachment-et-pb-portfolio-image size-et-pb-portfolio-image\" alt=\"\" \/>\n\t\t\t\t\t\t\t\t<span class=\"et_overlay\"><\/span>\n\t\t\t\t\t\t\t<\/span>\n\t\t\t\t\t\t<\/a>\n\t\t\t\t\t\t\n\t\t\t\t\t<\/li>\n\t\t\t\t<\/ul><br \/>\nPhotos : Antoinette Chaudron[\/et_pb_accordion_item][et_pb_accordion_item title=\u00a0\u00bbVideo\u00a0\u00bb _builder_version=\u00a0\u00bb4.16&Prime; global_colors_info=\u00a0\u00bb{}\u00a0\u00bb open=\u00a0\u00bboff\u00a0\u00bb]<div style=\"width: 854px;\" class=\"wp-video\"><video class=\"wp-video-shortcode\" id=\"video-88-1\" width=\"854\" height=\"480\" preload=\"metadata\" controls=\"controls\"><source type=\"video\/mp4\" src=\"https:\/\/www.argonautes.be\/wp-content\/uploads\/2018\/12\/solo_due-1.mp4?_=1\" \/><source type=\"video\/webm\" src=\"https:\/\/www.argonautes.be\/wp-content\/uploads\/2018\/12\/solo_due-1.webm?_=1\" \/><a href=\"https:\/\/www.argonautes.be\/wp-content\/uploads\/2018\/12\/solo_due-1.mp4\">https:\/\/www.argonautes.be\/wp-content\/uploads\/2018\/12\/solo_due-1.mp4<\/a><\/video><\/div><br \/>\n[\/et_pb_accordion_item][et_pb_accordion_item title=\u00a0\u00bbPress\u00a0\u00bb _builder_version=\u00a0\u00bb4.16&Prime; global_colors_info=\u00a0\u00bb{}\u00a0\u00bb open=\u00a0\u00bboff\u00a0\u00bb](no translation available)<\/p>\n<p>    Ce duo-l\u00e0 est une bulle intemporelle entre les rives du r\u00eave et du r\u00e9el. Un entreb\u00e2illement au milieu de notre habituel monde stress\u00e9, press\u00e9, compress\u00e9 et qui nous ouvre la porte vers un univers dont la devise serait emprunt\u00e9e au dialoguiste Michel Audiard : \u00ab Heureux soient les f\u00eal\u00e9s, car ils laisseront passer la lumi\u00e8re.<\/p>\n<p>    Complicit\u00e9, coop\u00e9ration, empathie, sollicitude sont les mots-cl\u00e9s de ce trompe-l\u2019\u0153il th\u00e9\u00e2tral.<\/p>\n<p>    Ils jonglent avec tendresse, d\u00e9licatesse, ils jonglent avec la vie, la survie, et l\u2019art aussi. Avec imprudence et innocence. [\u2026] On est tous un peu f\u00eal\u00e9s, mais de quel c\u00f4t\u00e9 ?<\/p>\n<p>    Physique et virtuose, le duo explore et expose un cirque jongl\u00e9 et musical, fruit de longues ann\u00e9es de route, avec cet art consomm\u00e9 des Argonautes de toujours se r\u00e9inventer.<\/p>\n<p>    D&rsquo;une s\u00e9quence \u00e0 l&rsquo;autre, la virtuosit\u00e9 de Benji Bernard et Etienne Borel tisse une certitude : nous voil\u00e0 seuls et fractur\u00e9s, dou\u00e9s pour une possible division de l&rsquo;\u00eatre. Tant mieux si l&rsquo;album se passe de mots pour traduire, en pages artisriques, une telle recherche de sens. Le jongleur taille des silhouettes au fusain, son partenaire guette l&rsquo;\u00e9chapp\u00e9e d&rsquo;une balle. Une danse macabre convie la faux de bois \u00e0 une cr\u00e9monie fluide, un d\u00e9licieux dialogue entre-temps qui bat et arr\u00eat sur image.<br \/>\n[\/et_pb_accordion_item][\/et_pb_accordion][\/et_pb_column][\/et_pb_row][\/et_pb_section]<\/p>\n","protected":false},"excerpt":{"rendered":"<p><div class=\"menu-menu-langues-fr-container\"><ul id=\"menu-menu-langues-fr-1\" class=\"menu_lang\"><li class=\"menu-item menu-item-type-custom menu-item-object-custom menu-item-174\"><a href=\"#pll_switcher\">Langues<\/a><\/li>\n<li class=\"menu-item menu-item-type-custom menu-item-object-custom menu-item-179\"><a href=\"https:\/\/www.facebook.com\/Les-Argonautes-130898313591096\/?__tn__=%2CdK*F-R&#038;eid=ARDqHPWnhRdTVSWiF2imUcUeGv8Epa7cbpTkegO5o_o6wVhzRMmbH7W0bByMfUDzP3-OljLAz821wIEc\">\u00a0<\/a><\/li>\n<\/ul><\/div> <div class=\"menu-menu-principal-fr-container\"><ul id=\"menu-menu-principal-fr-1\" class=\"menu_custom\"><li class=\"menu-item menu-item-type-post_type menu-item-object-page menu-item-home menu-item-136\"><a href=\"https:\/\/www.argonautes.be\/\">Accueil<\/a><\/li>\n<li class=\"menu-item menu-item-type-post_type menu-item-object-page menu-item-135\"><a href=\"https:\/\/www.argonautes.be\/index.php\/compagnie\">Compagnie<\/a><\/li>\n<li class=\"menu-item menu-item-type-custom menu-item-object-custom menu-item-has-children menu-item-137\"><a href=\"#\">Spectacles<\/a>\n<ul class=\"sub-menu\">\n\t<li class=\"menu-item menu-item-type-post_type menu-item-object-page menu-item-2718\"><a href=\"https:\/\/www.argonautes.be\/index.php\/compagnie\/kano\">KANO<span>en tourn\u00e9e<\/span><\/a><\/li>\n\t<li class=\"menu-item menu-item-type-post_type menu-item-object-page menu-item-4405\"><a href=\"https:\/\/www.argonautes.be\/index.php\/compagnie\/claque\">CLASH<span>en cr\u00e9ation<\/span><\/a><\/li>\n\t<li class=\"menu-item menu-item-type-post_type menu-item-object-page menu-item-2740\"><a href=\"https:\/\/www.argonautes.be\/index.php\/compagnie\/foire-aux-monstres\">Une Foire aux monstres<span>archive<\/span><\/a><\/li>\n\t<li class=\"menu-item menu-item-type-post_type menu-item-object-page menu-item-215\"><a href=\"https:\/\/www.argonautes.be\/index.php\/compagnie\/lhomme-qui-marche\">L&rsquo;Homme qui marche <span>archive<\/span><\/a><\/li>\n\t<li class=\"menu-item menu-item-type-post_type menu-item-object-page menu-item-2597\"><a href=\"https:\/\/www.argonautes.be\/index.php\/compagnie\/conversation-avec-la-pierre\">Conversation avec la pierre<span>archive<\/span><\/a><\/li>\n\t<li class=\"menu-item menu-item-type-post_type menu-item-object-page menu-item-1222\"><a href=\"https:\/\/www.argonautes.be\/index.php\/compagnie\/manneken-cirk\">Manneken Cirk<span>archive<\/span><\/a><\/li>\n\t<li class=\"menu-item menu-item-type-post_type menu-item-object-page menu-item-1550\"><a href=\"https:\/\/www.argonautes.be\/index.php\/compagnie\/entre-deux-2\">Entre d&rsquo;Eux<span>archive<\/span><\/a><\/li>\n\t<li class=\"menu-item menu-item-type-post_type menu-item-object-page menu-item-210\"><a href=\"https:\/\/www.argonautes.be\/index.php\/compagnie\/solo-due\">Solo due <span>archive<\/span><\/a><\/li>\n\t<li class=\"menu-item menu-item-type-post_type menu-item-object-page menu-item-630\"><a href=\"https:\/\/www.argonautes.be\/index.php\/compagnie\/pas-perdus\">Pas Perdus<span>archive<\/span><\/a><\/li>\n\t<li class=\"menu-item menu-item-type-post_type menu-item-object-page menu-item-638\"><a href=\"https:\/\/www.argonautes.be\/index.php\/compagnie\/le-principe-dincertitude\">Le Principe d&rsquo;Incertitude<span>archive<\/span><\/a><\/li>\n\t<li class=\"menu-item menu-item-type-post_type menu-item-object-page menu-item-610\"><a href=\"https:\/\/www.argonautes.be\/index.php\/compagnie\/la-fleur-vide\">La Fleur Vide<span>archive<\/span><\/a><\/li>\n\t<li class=\"menu-item menu-item-type-post_type menu-item-object-page menu-item-672\"><a href=\"https:\/\/www.argonautes.be\/index.php\/compagnie\/zouff\">Zouff !<span>archive<\/span><\/a><\/li>\n\t<li class=\"menu-item menu-item-type-post_type menu-item-object-page menu-item-655\"><a href=\"https:\/\/www.argonautes.be\/index.php\/compagnie\/la-toison-dorgue\">La Toison d&rsquo;Orgue<span>archive<\/span><\/a><\/li>\n<\/ul>\n<\/li>\n<li class=\"menu-item menu-item-type-post_type menu-item-object-page menu-item-3296\"><a href=\"https:\/\/www.argonautes.be\/index.php\/agenda\">Agenda<\/a><\/li>\n<li class=\"menu-item menu-item-type-post_type menu-item-object-page menu-item-133\"><a href=\"https:\/\/www.argonautes.be\/index.php\/contact\">Contact<\/a><\/li>\n<li class=\"menu-item menu-item-type-post_type menu-item-object-page menu-item-132\"><a href=\"https:\/\/www.argonautes.be\/index.php\/liens\">Liens<\/a><\/li>\n<\/ul><\/div> &nbsp; Everything is alright.Oh, yes, I knowThere are cracks in my reasoning -And I suddenly ask myself :am I the same on either side of the crack ? [&hellip;]<\/p>\n","protected":false},"author":1,"featured_media":0,"parent":81,"menu_order":0,"comment_status":"closed","ping_status":"closed","template":"","meta":{"_et_pb_use_builder":"on","_et_pb_old_content":"","_et_gb_content_width":"","ngg_post_thumbnail":0,"footnotes":""},"class_list":["post-88","page","type-page","status-publish","hentry"],"_links":{"self":[{"href":"https:\/\/www.argonautes.be\/index.php\/wp-json\/wp\/v2\/pages\/88","targetHints":{"allow":["GET"]}}],"collection":[{"href":"https:\/\/www.argonautes.be\/index.php\/wp-json\/wp\/v2\/pages"}],"about":[{"href":"https:\/\/www.argonautes.be\/index.php\/wp-json\/wp\/v2\/types\/page"}],"author":[{"embeddable":true,"href":"https:\/\/www.argonautes.be\/index.php\/wp-json\/wp\/v2\/users\/1"}],"replies":[{"embeddable":true,"href":"https:\/\/www.argonautes.be\/index.php\/wp-json\/wp\/v2\/comments?post=88"}],"version-history":[{"count":17,"href":"https:\/\/www.argonautes.be\/index.php\/wp-json\/wp\/v2\/pages\/88\/revisions"}],"predecessor-version":[{"id":3917,"href":"https:\/\/www.argonautes.be\/index.php\/wp-json\/wp\/v2\/pages\/88\/revisions\/3917"}],"up":[{"embeddable":true,"href":"https:\/\/www.argonautes.be\/index.php\/wp-json\/wp\/v2\/pages\/81"}],"wp:attachment":[{"href":"https:\/\/www.argonautes.be\/index.php\/wp-json\/wp\/v2\/media?parent=88"}],"curies":[{"name":"wp","href":"https:\/\/api.w.org\/{rel}","templated":true}]}}